{"id":430,"date":"2024-07-10T15:28:56","date_gmt":"2024-07-10T18:28:56","guid":{"rendered":"https:\/\/tocchini.com.br\/?page_id=430"},"modified":"2025-02-07T16:48:07","modified_gmt":"2025-02-07T19:48:07","slug":"elaboracao-e-analise-de-contratos-societarios-joint-venture-etc","status":"publish","type":"page","link":"https:\/\/tocchini.com.br\/index.php\/elaboracao-e-analise-de-contratos-societarios-joint-venture-etc\/","title":{"rendered":"ELABORA\u00c7\u00c3O E AN\u00c1LISE DE CONTRATOS SOCIET\u00c1RIOS, JOINT VENTURE, ETC."},"content":{"rendered":"<p><img loading=\"lazy\" decoding=\"async\" class=\"aligncenter size-full wp-image-431\" src=\"https:\/\/tocchini.com.br\/wp-content\/uploads\/2024\/07\/elaboracao-e-anqalise-contratos-_-joint-ventures_etc-tocchini.jpg\" alt=\"\" width=\"1500\" height=\"450\" srcset=\"https:\/\/tocchini.com.br\/wp-content\/uploads\/2024\/07\/elaboracao-e-anqalise-contratos-_-joint-ventures_etc-tocchini.jpg 1500w, https:\/\/tocchini.com.br\/wp-content\/uploads\/2024\/07\/elaboracao-e-anqalise-contratos-_-joint-ventures_etc-tocchini-300x90.jpg 300w, https:\/\/tocchini.com.br\/wp-content\/uploads\/2024\/07\/elaboracao-e-anqalise-contratos-_-joint-ventures_etc-tocchini-1030x309.jpg 1030w, https:\/\/tocchini.com.br\/wp-content\/uploads\/2024\/07\/elaboracao-e-anqalise-contratos-_-joint-ventures_etc-tocchini-768x230.jpg 768w, https:\/\/tocchini.com.br\/wp-content\/uploads\/2024\/07\/elaboracao-e-anqalise-contratos-_-joint-ventures_etc-tocchini-705x212.jpg 705w\" sizes=\"auto, (max-width: 1500px) 100vw, 1500px\" \/><\/p>\n<hr \/>\n<div align=\"justify\">\n<p><span style=\"font-weight: 400;\">Com uma profunda compreens\u00e3o das complexidades do direito societ\u00e1rio, nossa equipe se destaca na elabora\u00e7\u00e3o e an\u00e1lise de contratos societ\u00e1rios, garantindo que estejam plenamente alinhados \u00e0 legisla\u00e7\u00e3o vigente e aos objetivos estrat\u00e9gicos de nossos clientes. Trabalhamos com precis\u00e3o t\u00e9cnica e aten\u00e7\u00e3o aos detalhes para estruturar contratos que n\u00e3o apenas assegurem a conformidade legal, mas tamb\u00e9m antecipem riscos, protejam os interesses de todas as partes envolvidas e fortale\u00e7am as bases jur\u00eddicas e operacionais das empresas.<\/span><\/p>\n<p><span style=\"font-weight: 400;\">Nosso compromisso \u00e9 tornar conceitos jur\u00eddicos complexos acess\u00edveis aos nossos clientes, traduzindo a linguagem t\u00e9cnica em termos claros e compreens\u00edveis. Isso assegura que todos os envolvidos compreendam plenamente as cl\u00e1usulas, direitos e obriga\u00e7\u00f5es dispostos nos contratos que celebram, reduzindo incertezas e promovendo rela\u00e7\u00f5es de confian\u00e7a e transpar\u00eancia.<\/span><\/p>\n<p><span style=\"font-weight: 400;\">Seja na estrutura\u00e7\u00e3o de holdings, joint ventures, parcerias estrat\u00e9gicas, acordos de acionistas ou qualquer outro arranjo societ\u00e1rio, nossa equipe adota uma abordagem estrat\u00e9gica e personalizada. Avaliamos as particularidades de cada neg\u00f3cio e as metas de longo prazo dos clientes, desenvolvendo instrumentos contratuais que fomentem a sustentabilidade e o sucesso de seus empreendimentos. Al\u00e9m disso, incorporamos pr\u00e1ticas modernas de governan\u00e7a e conformidade, contribuindo para a solidez das rela\u00e7\u00f5es societ\u00e1rias e a preven\u00e7\u00e3o de disputas futuras.<\/span><\/p>\n<p><span style=\"font-weight: 400;\">Nosso diferencial est\u00e1 na combina\u00e7\u00e3o de expertise t\u00e9cnica, capacidade de an\u00e1lise estrat\u00e9gica e experi\u00eancia pr\u00e1tica em projetos de alta complexidade. Com isso, oferecemos aos nossos clientes a seguran\u00e7a jur\u00eddica e o suporte necess\u00e1rio para que seus contratos societ\u00e1rios se tornem verdadeiros pilares para o crescimento sustent\u00e1vel de suas organiza\u00e7\u00f5es.<\/span><\/p>\n<\/div>\n<hr \/>\n<div  class='avia-button-wrap avia-button-center  avia-builder-el-0  avia-builder-el-no-sibling '>\n<style type=\"text\/css\" data-created_by=\"avia_inline_auto\" id=\"style-css-av-b74in-fa94bb896f9dd3adc43cf3648c5f786a\">\n#top #wrap_all .avia-button.av-b74in-fa94bb896f9dd3adc43cf3648c5f786a:hover{\ncolor:white;\ntransition:all 0.4s ease-in-out;\n}\n<\/style>\n<a href='https:\/\/tocchini.com.br\/index.php\/consulta-online\/' class='avia-color-theme-color avia-font-color-theme-color avia-button avia-button-fullwidth av-b74in-fa94bb896f9dd3adc43cf3648c5f786a avia-icon_select-yes-left-icon avia-color-theme-color'  target=\"_blank\"  rel=\"noopener noreferrer\" ><span class='avia_button_icon avia_button_icon_left' aria-hidden='true' data-av_icon='\ue832' data-av_iconfont='entypo-fontello'><\/span><span class='avia_iconbox_title' >FALE CONOSCO AGORA<\/span><span class='avia_button_background avia-button avia-button-fullwidth avia-color-theme-color-highlight'><\/span><\/a><\/div>\n","protected":false},"excerpt":{"rendered":"<p>Com uma profunda compreens\u00e3o das complexidades do direito societ\u00e1rio, nossa equipe se destaca na elabora\u00e7\u00e3o e an\u00e1lise de contratos societ\u00e1rios, garantindo que estejam plenamente alinhados \u00e0 legisla\u00e7\u00e3o vigente e aos objetivos estrat\u00e9gicos de nossos clientes. Trabalhamos com precis\u00e3o t\u00e9cnica e aten\u00e7\u00e3o aos detalhes para estruturar contratos que n\u00e3o apenas assegurem a conformidade legal, mas tamb\u00e9m [&hellip;]<\/p>\n","protected":false},"author":1,"featured_media":0,"parent":0,"menu_order":0,"comment_status":"closed","ping_status":"closed","template":"","meta":{"footnotes":""},"class_list":["post-430","page","type-page","status-publish","hentry"],"_links":{"self":[{"href":"https:\/\/tocchini.com.br\/index.php\/wp-json\/wp\/v2\/pages\/430","targetHints":{"allow":["GET"]}}],"collection":[{"href":"https:\/\/tocchini.com.br\/index.php\/wp-json\/wp\/v2\/pages"}],"about":[{"href":"https:\/\/tocchini.com.br\/index.php\/wp-json\/wp\/v2\/types\/page"}],"author":[{"embeddable":true,"href":"https:\/\/tocchini.com.br\/index.php\/wp-json\/wp\/v2\/users\/1"}],"replies":[{"embeddable":true,"href":"https:\/\/tocchini.com.br\/index.php\/wp-json\/wp\/v2\/comments?post=430"}],"version-history":[{"count":2,"href":"https:\/\/tocchini.com.br\/index.php\/wp-json\/wp\/v2\/pages\/430\/revisions"}],"predecessor-version":[{"id":1024,"href":"https:\/\/tocchini.com.br\/index.php\/wp-json\/wp\/v2\/pages\/430\/revisions\/1024"}],"wp:attachment":[{"href":"https:\/\/tocchini.com.br\/index.php\/wp-json\/wp\/v2\/media?parent=430"}],"curies":[{"name":"wp","href":"https:\/\/api.w.org\/{rel}","templated":true}]}}