{"id":421,"date":"2024-07-10T14:41:02","date_gmt":"2024-07-10T17:41:02","guid":{"rendered":"https:\/\/tocchini.com.br\/?page_id=421"},"modified":"2025-02-07T16:49:03","modified_gmt":"2025-02-07T19:49:03","slug":"acoes-de-repactuacao-de-divisao","status":"publish","type":"page","link":"https:\/\/tocchini.com.br\/index.php\/acoes-de-repactuacao-de-divisao\/","title":{"rendered":"A\u00c7\u00d5ES DE REPACTUA\u00c7\u00c3O DE D\u00cdVIDAS"},"content":{"rendered":"<p><img loading=\"lazy\" decoding=\"async\" class=\"aligncenter size-full wp-image-422\" src=\"https:\/\/tocchini.com.br\/wp-content\/uploads\/2024\/07\/acoes-de-repactuacao-de-dividas.jpg\" alt=\"\" width=\"1500\" height=\"450\" srcset=\"https:\/\/tocchini.com.br\/wp-content\/uploads\/2024\/07\/acoes-de-repactuacao-de-dividas.jpg 1500w, https:\/\/tocchini.com.br\/wp-content\/uploads\/2024\/07\/acoes-de-repactuacao-de-dividas-300x90.jpg 300w, https:\/\/tocchini.com.br\/wp-content\/uploads\/2024\/07\/acoes-de-repactuacao-de-dividas-1030x309.jpg 1030w, https:\/\/tocchini.com.br\/wp-content\/uploads\/2024\/07\/acoes-de-repactuacao-de-dividas-768x230.jpg 768w, https:\/\/tocchini.com.br\/wp-content\/uploads\/2024\/07\/acoes-de-repactuacao-de-dividas-705x212.jpg 705w\" sizes=\"auto, (max-width: 1500px) 100vw, 1500px\" \/><\/p>\n<hr \/>\n<div align=\"justify\"><span style=\"font-weight: 400;\">\u00a0A experi\u00eancia e lideran\u00e7a do Dr. M\u00e1rio Tocchini Neto \u00e9 crucial na condu\u00e7\u00e3o de a\u00e7\u00f5es de repactua\u00e7\u00e3o de d\u00edvidas. Sob sua orienta\u00e7\u00e3o, nosso escrit\u00f3rio desenvolve estrat\u00e9gias legais personalizadas que visam \u00e0 repactua\u00e7\u00e3o das d\u00edvidas em termos mais favor\u00e1veis aos nossos clientes. Nosso conhecimento abrangente das leis e procedimentos aplic\u00e1veis, combinado com sua habilidade de argumenta\u00e7\u00e3o e persuas\u00e3o, maximiza as chances de sucesso em a\u00e7\u00f5es judiciais e extrajudiciais. Atuamos com a m\u00e1xima aten\u00e7\u00e3o e dedica\u00e7\u00e3o, buscando solu\u00e7\u00f5es que restauram a capacidade financeira dos clientes.<\/span><\/div>\n<hr \/>\n<div  class='avia-button-wrap avia-button-center  avia-builder-el-0  avia-builder-el-no-sibling '>\n<style type=\"text\/css\" data-created_by=\"avia_inline_auto\" id=\"style-css-av-b74in-fa94bb896f9dd3adc43cf3648c5f786a\">\n#top #wrap_all .avia-button.av-b74in-fa94bb896f9dd3adc43cf3648c5f786a:hover{\ncolor:white;\ntransition:all 0.4s ease-in-out;\n}\n<\/style>\n<a href='https:\/\/tocchini.com.br\/index.php\/consulta-online\/' class='avia-color-theme-color avia-font-color-theme-color avia-button avia-button-fullwidth av-b74in-fa94bb896f9dd3adc43cf3648c5f786a avia-icon_select-yes-left-icon avia-color-theme-color'  target=\"_blank\"  rel=\"noopener noreferrer\" ><span class='avia_button_icon avia_button_icon_left' aria-hidden='true' data-av_icon='\ue832' data-av_iconfont='entypo-fontello'><\/span><span class='avia_iconbox_title' >FALE CONOSCO AGORA<\/span><span class='avia_button_background avia-button avia-button-fullwidth avia-color-theme-color-highlight'><\/span><\/a><\/div>\n","protected":false},"excerpt":{"rendered":"<p>\u00a0A experi\u00eancia e lideran\u00e7a do Dr. M\u00e1rio Tocchini Neto \u00e9 crucial na condu\u00e7\u00e3o de a\u00e7\u00f5es de repactua\u00e7\u00e3o de d\u00edvidas. Sob sua orienta\u00e7\u00e3o, nosso escrit\u00f3rio desenvolve estrat\u00e9gias legais personalizadas que visam \u00e0 repactua\u00e7\u00e3o das d\u00edvidas em termos mais favor\u00e1veis aos nossos clientes. Nosso conhecimento abrangente das leis e procedimentos aplic\u00e1veis, combinado com sua habilidade de argumenta\u00e7\u00e3o [&hellip;]<\/p>\n","protected":false},"author":1,"featured_media":0,"parent":0,"menu_order":0,"comment_status":"closed","ping_status":"closed","template":"","meta":{"footnotes":""},"class_list":["post-421","page","type-page","status-publish","hentry"],"_links":{"self":[{"href":"https:\/\/tocchini.com.br\/index.php\/wp-json\/wp\/v2\/pages\/421","targetHints":{"allow":["GET"]}}],"collection":[{"href":"https:\/\/tocchini.com.br\/index.php\/wp-json\/wp\/v2\/pages"}],"about":[{"href":"https:\/\/tocchini.com.br\/index.php\/wp-json\/wp\/v2\/types\/page"}],"author":[{"embeddable":true,"href":"https:\/\/tocchini.com.br\/index.php\/wp-json\/wp\/v2\/users\/1"}],"replies":[{"embeddable":true,"href":"https:\/\/tocchini.com.br\/index.php\/wp-json\/wp\/v2\/comments?post=421"}],"version-history":[{"count":2,"href":"https:\/\/tocchini.com.br\/index.php\/wp-json\/wp\/v2\/pages\/421\/revisions"}],"predecessor-version":[{"id":1025,"href":"https:\/\/tocchini.com.br\/index.php\/wp-json\/wp\/v2\/pages\/421\/revisions\/1025"}],"wp:attachment":[{"href":"https:\/\/tocchini.com.br\/index.php\/wp-json\/wp\/v2\/media?parent=421"}],"curies":[{"name":"wp","href":"https:\/\/api.w.org\/{rel}","templated":true}]}}