{"id":418,"date":"2024-07-10T14:39:32","date_gmt":"2024-07-10T17:39:32","guid":{"rendered":"https:\/\/tocchini.com.br\/?page_id=418"},"modified":"2025-02-07T14:25:47","modified_gmt":"2025-02-07T17:25:47","slug":"negociacao-de-dividas-com-credores-2","status":"publish","type":"page","link":"https:\/\/tocchini.com.br\/index.php\/negociacao-de-dividas-com-credores-2\/","title":{"rendered":"NEGOCIA\u00c7\u00c3O DE D\u00cdVIDAS COM CREDORES"},"content":{"rendered":"<p><img loading=\"lazy\" decoding=\"async\" class=\"aligncenter size-full wp-image-419\" src=\"https:\/\/tocchini.com.br\/wp-content\/uploads\/2024\/07\/negociacao-de-dividas-com-credores-tocchini.jpg\" alt=\"\" width=\"1500\" height=\"450\" srcset=\"https:\/\/tocchini.com.br\/wp-content\/uploads\/2024\/07\/negociacao-de-dividas-com-credores-tocchini.jpg 1500w, https:\/\/tocchini.com.br\/wp-content\/uploads\/2024\/07\/negociacao-de-dividas-com-credores-tocchini-300x90.jpg 300w, https:\/\/tocchini.com.br\/wp-content\/uploads\/2024\/07\/negociacao-de-dividas-com-credores-tocchini-1030x309.jpg 1030w, https:\/\/tocchini.com.br\/wp-content\/uploads\/2024\/07\/negociacao-de-dividas-com-credores-tocchini-768x230.jpg 768w, https:\/\/tocchini.com.br\/wp-content\/uploads\/2024\/07\/negociacao-de-dividas-com-credores-tocchini-705x212.jpg 705w\" sizes=\"auto, (max-width: 1500px) 100vw, 1500px\" \/><\/p>\n<hr \/>\n<div align=\"justify\"><span style=\"font-weight: 400;\">Nossa habilidade em negocia\u00e7\u00e3o \u00e9 um ativo valioso na renegocia\u00e7\u00e3o de d\u00edvidas de nossos clientes com credores. Sob a orienta\u00e7\u00e3o do Dr. M\u00e1rio Tocchini Neto, que conta com mais de 20 anos de experi\u00eancia, nosso escrit\u00f3rio \u00e9 bem-sucedido na obten\u00e7\u00e3o de acordos que s\u00e3o n\u00e3o apenas financeiramente vi\u00e1veis para os clientes, mas tamb\u00e9m justos e sustent\u00e1veis a longo prazo. Sua capacidade de comunica\u00e7\u00e3o e condu\u00e7\u00e3o do processo traz a confian\u00e7a e seguran\u00e7a essencial para facilitar di\u00e1logos produtivos entre as partes, muitas vezes resultando em redu\u00e7\u00f5es significativas de d\u00edvida de at\u00e9 98%.<\/span><\/div>\n<hr \/>\n<div  class='avia-button-wrap avia-button-center  avia-builder-el-0  avia-builder-el-no-sibling '>\n<style type=\"text\/css\" data-created_by=\"avia_inline_auto\" id=\"style-css-av-b74in-fa94bb896f9dd3adc43cf3648c5f786a\">\n#top #wrap_all .avia-button.av-b74in-fa94bb896f9dd3adc43cf3648c5f786a:hover{\ncolor:white;\ntransition:all 0.4s ease-in-out;\n}\n<\/style>\n<a href='https:\/\/tocchini.com.br\/index.php\/consulta-online\/' class='avia-color-theme-color avia-font-color-theme-color avia-button avia-button-fullwidth av-b74in-fa94bb896f9dd3adc43cf3648c5f786a avia-icon_select-yes-left-icon avia-color-theme-color'  target=\"_blank\"  rel=\"noopener noreferrer\" ><span class='avia_button_icon avia_button_icon_left' aria-hidden='true' data-av_icon='\ue832' data-av_iconfont='entypo-fontello'><\/span><span class='avia_iconbox_title' >FALE CONOSCO AGORA<\/span><span class='avia_button_background avia-button avia-button-fullwidth avia-color-theme-color-highlight'><\/span><\/a><\/div>\n","protected":false},"excerpt":{"rendered":"<p>Nossa habilidade em negocia\u00e7\u00e3o \u00e9 um ativo valioso na renegocia\u00e7\u00e3o de d\u00edvidas de nossos clientes com credores. Sob a orienta\u00e7\u00e3o do Dr. M\u00e1rio Tocchini Neto, que conta com mais de 20 anos de experi\u00eancia, nosso escrit\u00f3rio \u00e9 bem-sucedido na obten\u00e7\u00e3o de acordos que s\u00e3o n\u00e3o apenas financeiramente vi\u00e1veis para os clientes, mas tamb\u00e9m justos e [&hellip;]<\/p>\n","protected":false},"author":1,"featured_media":0,"parent":0,"menu_order":0,"comment_status":"closed","ping_status":"closed","template":"","meta":{"footnotes":""},"class_list":["post-418","page","type-page","status-publish","hentry"],"_links":{"self":[{"href":"https:\/\/tocchini.com.br\/index.php\/wp-json\/wp\/v2\/pages\/418","targetHints":{"allow":["GET"]}}],"collection":[{"href":"https:\/\/tocchini.com.br\/index.php\/wp-json\/wp\/v2\/pages"}],"about":[{"href":"https:\/\/tocchini.com.br\/index.php\/wp-json\/wp\/v2\/types\/page"}],"author":[{"embeddable":true,"href":"https:\/\/tocchini.com.br\/index.php\/wp-json\/wp\/v2\/users\/1"}],"replies":[{"embeddable":true,"href":"https:\/\/tocchini.com.br\/index.php\/wp-json\/wp\/v2\/comments?post=418"}],"version-history":[{"count":2,"href":"https:\/\/tocchini.com.br\/index.php\/wp-json\/wp\/v2\/pages\/418\/revisions"}],"predecessor-version":[{"id":1001,"href":"https:\/\/tocchini.com.br\/index.php\/wp-json\/wp\/v2\/pages\/418\/revisions\/1001"}],"wp:attachment":[{"href":"https:\/\/tocchini.com.br\/index.php\/wp-json\/wp\/v2\/media?parent=418"}],"curies":[{"name":"wp","href":"https:\/\/api.w.org\/{rel}","templated":true}]}}