{"id":415,"date":"2024-07-10T14:38:02","date_gmt":"2024-07-10T17:38:02","guid":{"rendered":"https:\/\/tocchini.com.br\/?page_id=415"},"modified":"2024-07-10T14:38:02","modified_gmt":"2024-07-10T17:38:02","slug":"protecao-legal-para-pessoas-superendividadas","status":"publish","type":"page","link":"https:\/\/tocchini.com.br\/index.php\/protecao-legal-para-pessoas-superendividadas\/","title":{"rendered":"PROTE\u00c7\u00c3O LEGAL PARA PESSOAS SUPERENDIVIDADAS"},"content":{"rendered":"<p><img loading=\"lazy\" decoding=\"async\" src=\"https:\/\/tocchini.com.br\/wp-content\/uploads\/2024\/07\/protecao-legal-para-pessoas-superendividadas-tocchini.jpg\" alt=\"\" width=\"1500\" height=\"450\" class=\"aligncenter size-full wp-image-416\" srcset=\"https:\/\/tocchini.com.br\/wp-content\/uploads\/2024\/07\/protecao-legal-para-pessoas-superendividadas-tocchini.jpg 1500w, https:\/\/tocchini.com.br\/wp-content\/uploads\/2024\/07\/protecao-legal-para-pessoas-superendividadas-tocchini-300x90.jpg 300w, https:\/\/tocchini.com.br\/wp-content\/uploads\/2024\/07\/protecao-legal-para-pessoas-superendividadas-tocchini-1030x309.jpg 1030w, https:\/\/tocchini.com.br\/wp-content\/uploads\/2024\/07\/protecao-legal-para-pessoas-superendividadas-tocchini-768x230.jpg 768w, https:\/\/tocchini.com.br\/wp-content\/uploads\/2024\/07\/protecao-legal-para-pessoas-superendividadas-tocchini-705x212.jpg 705w\" sizes=\"auto, (max-width: 1500px) 100vw, 1500px\" \/><\/p>\n<hr \/>\n<div align=\"justify\">Sua compreens\u00e3o profunda do impacto psicol\u00f3gico e financeiro do superendividamento permite que nosso escrit\u00f3rio ofere\u00e7a uma prote\u00e7\u00e3o legal compassiva e efetiva. Sua habilidade em transmitir confian\u00e7a e empatia ajuda a reduzir a ansiedade dos clientes, garantindo que se sintam apoiados e compreendidos. Sua experi\u00eancia em direito do consumidor e processual civil \u00e9 essencial para identificar as melhores estrat\u00e9gias legais para proteger os direitos dos superendividadas, buscando solu\u00e7\u00f5es que permitam n\u00e3o apenas a regulariza\u00e7\u00e3o de suas d\u00edvidas, mas tamb\u00e9m a recupera\u00e7\u00e3o de sua sa\u00fade financeira e dignidade.<\/div>\n<hr \/>\n<div  class='avia-button-wrap avia-button-center  avia-builder-el-0  avia-builder-el-no-sibling '>\n<style type=\"text\/css\" data-created_by=\"avia_inline_auto\" id=\"style-css-av-b74in-fa94bb896f9dd3adc43cf3648c5f786a\">\n#top #wrap_all .avia-button.av-b74in-fa94bb896f9dd3adc43cf3648c5f786a:hover{\ncolor:white;\ntransition:all 0.4s ease-in-out;\n}\n<\/style>\n<a href='https:\/\/tocchini.com.br\/index.php\/consulta-online\/' class='avia-color-theme-color avia-font-color-theme-color avia-button avia-button-fullwidth av-b74in-fa94bb896f9dd3adc43cf3648c5f786a avia-icon_select-yes-left-icon avia-color-theme-color'  target=\"_blank\"  rel=\"noopener noreferrer\" ><span class='avia_button_icon avia_button_icon_left' aria-hidden='true' data-av_icon='\ue832' data-av_iconfont='entypo-fontello'><\/span><span class='avia_iconbox_title' >FALE CONOSCO AGORA<\/span><span class='avia_button_background avia-button avia-button-fullwidth avia-color-theme-color-highlight'><\/span><\/a><\/div>\n","protected":false},"excerpt":{"rendered":"<p>Sua compreens\u00e3o profunda do impacto psicol\u00f3gico e financeiro do superendividamento permite que nosso escrit\u00f3rio ofere\u00e7a uma prote\u00e7\u00e3o legal compassiva e efetiva. Sua habilidade em transmitir confian\u00e7a e empatia ajuda a reduzir a ansiedade dos clientes, garantindo que se sintam apoiados e compreendidos. Sua experi\u00eancia em direito do consumidor e processual civil \u00e9 essencial para identificar [&hellip;]<\/p>\n","protected":false},"author":1,"featured_media":0,"parent":0,"menu_order":0,"comment_status":"closed","ping_status":"closed","template":"","meta":{"footnotes":""},"class_list":["post-415","page","type-page","status-publish","hentry"],"_links":{"self":[{"href":"https:\/\/tocchini.com.br\/index.php\/wp-json\/wp\/v2\/pages\/415","targetHints":{"allow":["GET"]}}],"collection":[{"href":"https:\/\/tocchini.com.br\/index.php\/wp-json\/wp\/v2\/pages"}],"about":[{"href":"https:\/\/tocchini.com.br\/index.php\/wp-json\/wp\/v2\/types\/page"}],"author":[{"embeddable":true,"href":"https:\/\/tocchini.com.br\/index.php\/wp-json\/wp\/v2\/users\/1"}],"replies":[{"embeddable":true,"href":"https:\/\/tocchini.com.br\/index.php\/wp-json\/wp\/v2\/comments?post=415"}],"version-history":[{"count":1,"href":"https:\/\/tocchini.com.br\/index.php\/wp-json\/wp\/v2\/pages\/415\/revisions"}],"predecessor-version":[{"id":417,"href":"https:\/\/tocchini.com.br\/index.php\/wp-json\/wp\/v2\/pages\/415\/revisions\/417"}],"wp:attachment":[{"href":"https:\/\/tocchini.com.br\/index.php\/wp-json\/wp\/v2\/media?parent=415"}],"curies":[{"name":"wp","href":"https:\/\/api.w.org\/{rel}","templated":true}]}}