{"id":401,"date":"2024-07-04T15:22:41","date_gmt":"2024-07-04T18:22:41","guid":{"rendered":"https:\/\/tocchini.com.br\/?page_id=401"},"modified":"2025-02-11T10:36:02","modified_gmt":"2025-02-11T13:36:02","slug":"representacao-de-empresas-em-processos-de-falencia","status":"publish","type":"page","link":"https:\/\/tocchini.com.br\/index.php\/representacao-de-empresas-em-processos-de-falencia\/","title":{"rendered":"REPRESENTA\u00c7\u00c3O DE EMPRESAS EM PROCESSOS DE FAL\u00caNCIA"},"content":{"rendered":"<p><img loading=\"lazy\" decoding=\"async\" class=\"aligncenter size-full wp-image-402\" src=\"https:\/\/tocchini.com.br\/wp-content\/uploads\/2024\/07\/representacao-de-empresas-em-processos-de-falencia.jpg\" alt=\"\" width=\"1500\" height=\"450\" srcset=\"https:\/\/tocchini.com.br\/wp-content\/uploads\/2024\/07\/representacao-de-empresas-em-processos-de-falencia.jpg 1500w, https:\/\/tocchini.com.br\/wp-content\/uploads\/2024\/07\/representacao-de-empresas-em-processos-de-falencia-300x90.jpg 300w, https:\/\/tocchini.com.br\/wp-content\/uploads\/2024\/07\/representacao-de-empresas-em-processos-de-falencia-1030x309.jpg 1030w, https:\/\/tocchini.com.br\/wp-content\/uploads\/2024\/07\/representacao-de-empresas-em-processos-de-falencia-768x230.jpg 768w, https:\/\/tocchini.com.br\/wp-content\/uploads\/2024\/07\/representacao-de-empresas-em-processos-de-falencia-705x212.jpg 705w\" sizes=\"auto, (max-width: 1500px) 100vw, 1500px\" \/><\/p>\n<hr \/>\n<div align=\"justify\">\n<p><span style=\"font-weight: 400;\">Nosso escrit\u00f3rio tem se destacado na representa\u00e7\u00e3o de empresas em processos de recupera\u00e7\u00e3o judicial. Essa atua\u00e7\u00e3o exige n\u00e3o apenas uma s\u00f3lida t\u00e9cnica jur\u00eddica, mas tamb\u00e9m uma abordagem estrat\u00e9gica e interdisciplinar.\u00a0<\/span><\/p>\n<p><span style=\"font-weight: 400;\">O processo de recupera\u00e7\u00e3o judicial \u00e9 complexo e demanda a compreens\u00e3o detalhada das din\u00e2micas econ\u00f4micas e financeiras da empresa, al\u00e9m de uma an\u00e1lise criteriosa das interse\u00e7\u00f5es entre diferentes \u00e1reas do direito, como o societ\u00e1rio, trabalhista, tribut\u00e1rio e contratual.<\/span><\/p>\n<p><span style=\"font-weight: 400;\">Adicionalmente, nossa atua\u00e7\u00e3o \u00e9 marcada pela identifica\u00e7\u00e3o precisa e estrat\u00e9gica dos principais stakeholders envolvidos \u2013 credores, investidores, fornecedores e outros players essenciais ao processo \u2013 visando o desenvolvimento de solu\u00e7\u00f5es vi\u00e1veis e alinhadas aos objetivos de preserva\u00e7\u00e3o da empresa e manuten\u00e7\u00e3o de sua atividade econ\u00f4mica.\u00a0<\/span><\/p>\n<p><span style=\"font-weight: 400;\">A experi\u00eancia e a vis\u00e3o estrat\u00e9gica de nossa equipe permitem o planejamento e a execu\u00e7\u00e3o de um plano de recupera\u00e7\u00e3o que equilibre os interesses das partes e promova a viabilidade econ\u00f4mica e jur\u00eddica da organiza\u00e7\u00e3o no longo prazo.<\/span><\/p>\n<\/div>\n<hr \/>\n<div  class='avia-button-wrap avia-button-center  avia-builder-el-0  avia-builder-el-no-sibling '>\n<style type=\"text\/css\" data-created_by=\"avia_inline_auto\" id=\"style-css-av-b74in-fa94bb896f9dd3adc43cf3648c5f786a\">\n#top #wrap_all .avia-button.av-b74in-fa94bb896f9dd3adc43cf3648c5f786a:hover{\ncolor:white;\ntransition:all 0.4s ease-in-out;\n}\n<\/style>\n<a href='https:\/\/tocchini.com.br\/index.php\/consulta-online\/' class='avia-color-theme-color avia-font-color-theme-color avia-button avia-button-fullwidth av-b74in-fa94bb896f9dd3adc43cf3648c5f786a avia-icon_select-yes-left-icon avia-color-theme-color'  target=\"_blank\"  rel=\"noopener noreferrer\" ><span class='avia_button_icon avia_button_icon_left' aria-hidden='true' data-av_icon='\ue832' data-av_iconfont='entypo-fontello'><\/span><span class='avia_iconbox_title' >FALE CONOSCO AGORA<\/span><span class='avia_button_background avia-button avia-button-fullwidth avia-color-theme-color-highlight'><\/span><\/a><\/div>\n","protected":false},"excerpt":{"rendered":"<p>Nosso escrit\u00f3rio tem se destacado na representa\u00e7\u00e3o de empresas em processos de recupera\u00e7\u00e3o judicial. Essa atua\u00e7\u00e3o exige n\u00e3o apenas uma s\u00f3lida t\u00e9cnica jur\u00eddica, mas tamb\u00e9m uma abordagem estrat\u00e9gica e interdisciplinar.\u00a0 O processo de recupera\u00e7\u00e3o judicial \u00e9 complexo e demanda a compreens\u00e3o detalhada das din\u00e2micas econ\u00f4micas e financeiras da empresa, al\u00e9m de uma an\u00e1lise criteriosa das [&hellip;]<\/p>\n","protected":false},"author":1,"featured_media":0,"parent":0,"menu_order":0,"comment_status":"closed","ping_status":"closed","template":"","meta":{"footnotes":""},"class_list":["post-401","page","type-page","status-publish","hentry"],"_links":{"self":[{"href":"https:\/\/tocchini.com.br\/index.php\/wp-json\/wp\/v2\/pages\/401","targetHints":{"allow":["GET"]}}],"collection":[{"href":"https:\/\/tocchini.com.br\/index.php\/wp-json\/wp\/v2\/pages"}],"about":[{"href":"https:\/\/tocchini.com.br\/index.php\/wp-json\/wp\/v2\/types\/page"}],"author":[{"embeddable":true,"href":"https:\/\/tocchini.com.br\/index.php\/wp-json\/wp\/v2\/users\/1"}],"replies":[{"embeddable":true,"href":"https:\/\/tocchini.com.br\/index.php\/wp-json\/wp\/v2\/comments?post=401"}],"version-history":[{"count":2,"href":"https:\/\/tocchini.com.br\/index.php\/wp-json\/wp\/v2\/pages\/401\/revisions"}],"predecessor-version":[{"id":1036,"href":"https:\/\/tocchini.com.br\/index.php\/wp-json\/wp\/v2\/pages\/401\/revisions\/1036"}],"wp:attachment":[{"href":"https:\/\/tocchini.com.br\/index.php\/wp-json\/wp\/v2\/media?parent=401"}],"curies":[{"name":"wp","href":"https:\/\/api.w.org\/{rel}","templated":true}]}}