{"id":390,"date":"2024-07-04T15:12:46","date_gmt":"2024-07-04T18:12:46","guid":{"rendered":"https:\/\/tocchini.com.br\/?page_id=390"},"modified":"2024-07-04T15:12:46","modified_gmt":"2024-07-04T18:12:46","slug":"negociacao-com-credores-e-elaboracao-de-plano-de-recuperacao","status":"publish","type":"page","link":"https:\/\/tocchini.com.br\/index.php\/negociacao-com-credores-e-elaboracao-de-plano-de-recuperacao\/","title":{"rendered":"NEGOCIA\u00c7\u00c3O COM CREDORES E ELABORA\u00c7\u00c3O DE PLANO DE RECUPERA\u00c7\u00c3O"},"content":{"rendered":"<p><img loading=\"lazy\" decoding=\"async\" src=\"https:\/\/tocchini.com.br\/wp-content\/uploads\/2024\/07\/negociacao-com-credores-e-elaboracao-de-plano-de-recuperacao-tocchini.jpg\" alt=\"\" width=\"1500\" height=\"450\" class=\"aligncenter size-full wp-image-391\" srcset=\"https:\/\/tocchini.com.br\/wp-content\/uploads\/2024\/07\/negociacao-com-credores-e-elaboracao-de-plano-de-recuperacao-tocchini.jpg 1500w, https:\/\/tocchini.com.br\/wp-content\/uploads\/2024\/07\/negociacao-com-credores-e-elaboracao-de-plano-de-recuperacao-tocchini-300x90.jpg 300w, https:\/\/tocchini.com.br\/wp-content\/uploads\/2024\/07\/negociacao-com-credores-e-elaboracao-de-plano-de-recuperacao-tocchini-1030x309.jpg 1030w, https:\/\/tocchini.com.br\/wp-content\/uploads\/2024\/07\/negociacao-com-credores-e-elaboracao-de-plano-de-recuperacao-tocchini-768x230.jpg 768w, https:\/\/tocchini.com.br\/wp-content\/uploads\/2024\/07\/negociacao-com-credores-e-elaboracao-de-plano-de-recuperacao-tocchini-705x212.jpg 705w\" sizes=\"auto, (max-width: 1500px) 100vw, 1500px\" \/><\/p>\n<hr \/>\n<div align=\"justify\">Sua habilidade de negocia\u00e7\u00e3o \u00e9 crucial na intera\u00e7\u00e3o com credores para alcan\u00e7ar acordos que sejam vi\u00e1veis para ambas as partes. Voc\u00ea utiliza sua vis\u00e3o estrat\u00e9gica para identificar oportunidades de acordo, mantendo sempre o foco na viabilidade de longo prazo da empresa. Na elabora\u00e7\u00e3o do plano de recupera\u00e7\u00e3o, sua expertise permite que nosso escrit\u00f3rio crie propostas que n\u00e3o apenas atendam \u00e0s exig\u00eancias legais, mas tamb\u00e9m ofere\u00e7am um caminho realista e sustent\u00e1vel para a reestrutura\u00e7\u00e3o financeira e operacional da empresa. Sua capacidade de transmitir confian\u00e7a e esclarecer aspectos t\u00e9cnicos complexos de maneira acess\u00edvel \u00e9 fundamental para ganhar o apoio de credores e stakeholders ao plano proposto.\n<\/div>\n<hr \/>\n<div  class='avia-button-wrap avia-button-center  avia-builder-el-0  avia-builder-el-no-sibling '>\n<style type=\"text\/css\" data-created_by=\"avia_inline_auto\" id=\"style-css-av-b74in-29fcdb807de1bd65cd80c0812d4e929c\">\n#top #wrap_all .avia-button.av-b74in-29fcdb807de1bd65cd80c0812d4e929c:hover{\ncolor:white;\ntransition:all 0.4s ease-in-out;\n}\n<\/style>\n<a href='https:\/\/tocchini.com.br\/index.php\/consulta-online\/' class='avia-color-theme-color avia-font-color-theme-color avia-button avia-button-fullwidth av-b74in-29fcdb807de1bd65cd80c0812d4e929c avia-icon_select-yes-left-icon avia-color-theme-color'  target=\"_blank\"  rel=\"noopener noreferrer\" ><span class='avia_button_icon avia_button_icon_left' aria-hidden='true' data-av_icon='\ue832' data-av_iconfont='entypo-fontello'><\/span><span class='avia_iconbox_title' >FALE CONOSCO AGORA<\/span><span class='avia_button_background avia-button avia-button-fullwidth avia-color-theme-color-highlight'><\/span><\/a><\/div>\n","protected":false},"excerpt":{"rendered":"<p>Sua habilidade de negocia\u00e7\u00e3o \u00e9 crucial na intera\u00e7\u00e3o com credores para alcan\u00e7ar acordos que sejam vi\u00e1veis para ambas as partes. Voc\u00ea utiliza sua vis\u00e3o estrat\u00e9gica para identificar oportunidades de acordo, mantendo sempre o foco na viabilidade de longo prazo da empresa. Na elabora\u00e7\u00e3o do plano de recupera\u00e7\u00e3o, sua expertise permite que nosso escrit\u00f3rio crie propostas [&hellip;]<\/p>\n","protected":false},"author":1,"featured_media":0,"parent":0,"menu_order":0,"comment_status":"closed","ping_status":"closed","template":"","meta":{"footnotes":""},"class_list":["post-390","page","type-page","status-publish","hentry"],"_links":{"self":[{"href":"https:\/\/tocchini.com.br\/index.php\/wp-json\/wp\/v2\/pages\/390","targetHints":{"allow":["GET"]}}],"collection":[{"href":"https:\/\/tocchini.com.br\/index.php\/wp-json\/wp\/v2\/pages"}],"about":[{"href":"https:\/\/tocchini.com.br\/index.php\/wp-json\/wp\/v2\/types\/page"}],"author":[{"embeddable":true,"href":"https:\/\/tocchini.com.br\/index.php\/wp-json\/wp\/v2\/users\/1"}],"replies":[{"embeddable":true,"href":"https:\/\/tocchini.com.br\/index.php\/wp-json\/wp\/v2\/comments?post=390"}],"version-history":[{"count":1,"href":"https:\/\/tocchini.com.br\/index.php\/wp-json\/wp\/v2\/pages\/390\/revisions"}],"predecessor-version":[{"id":392,"href":"https:\/\/tocchini.com.br\/index.php\/wp-json\/wp\/v2\/pages\/390\/revisions\/392"}],"wp:attachment":[{"href":"https:\/\/tocchini.com.br\/index.php\/wp-json\/wp\/v2\/media?parent=390"}],"curies":[{"name":"wp","href":"https:\/\/api.w.org\/{rel}","templated":true}]}}