{"id":387,"date":"2024-07-04T15:10:58","date_gmt":"2024-07-04T18:10:58","guid":{"rendered":"https:\/\/tocchini.com.br\/?page_id=387"},"modified":"2024-07-04T15:10:58","modified_gmt":"2024-07-04T18:10:58","slug":"representacao-de-empreas-em-processos-de-recuperacao-judicial","status":"publish","type":"page","link":"https:\/\/tocchini.com.br\/index.php\/representacao-de-empreas-em-processos-de-recuperacao-judicial\/","title":{"rendered":"REPRESENTA\u00c7\u00c3O DE EMPREAS EM PROCESSOS DE RECUPERA\u00c7\u00c3O JUDICIAL"},"content":{"rendered":"<p><img loading=\"lazy\" decoding=\"async\" src=\"https:\/\/tocchini.com.br\/wp-content\/uploads\/2024\/07\/representacao-de-empresas-em-processos-de-recuperacao-judicial-tocchini.jpg\" alt=\"\" width=\"1500\" height=\"450\" class=\"aligncenter size-full wp-image-388\" srcset=\"https:\/\/tocchini.com.br\/wp-content\/uploads\/2024\/07\/representacao-de-empresas-em-processos-de-recuperacao-judicial-tocchini.jpg 1500w, https:\/\/tocchini.com.br\/wp-content\/uploads\/2024\/07\/representacao-de-empresas-em-processos-de-recuperacao-judicial-tocchini-300x90.jpg 300w, https:\/\/tocchini.com.br\/wp-content\/uploads\/2024\/07\/representacao-de-empresas-em-processos-de-recuperacao-judicial-tocchini-1030x309.jpg 1030w, https:\/\/tocchini.com.br\/wp-content\/uploads\/2024\/07\/representacao-de-empresas-em-processos-de-recuperacao-judicial-tocchini-768x230.jpg 768w, https:\/\/tocchini.com.br\/wp-content\/uploads\/2024\/07\/representacao-de-empresas-em-processos-de-recuperacao-judicial-tocchini-705x212.jpg 705w\" sizes=\"auto, (max-width: 1500px) 100vw, 1500px\" \/><\/p>\n<hr \/>\n<div align=\"justify\">Atrav\u00e9s da experi\u00eancia e lideran\u00e7a do Dr. M\u00e1rio Tocchini Neto, nosso escrit\u00f3rio tem se destacado na representa\u00e7\u00e3o de empresas em dificuldades financeiras, orientando-as atrav\u00e9s do complexo processo de recupera\u00e7\u00e3o judicial. Sua capacidade de analisar profundamente cada caso, aliada \u00e0 sua experi\u00eancia em direito empresarial, processual e financeiro, nos permite desenvolver estrat\u00e9gias jur\u00eddicas s\u00f3lidas que protegem os interesses da empresa e buscam a melhor solu\u00e7\u00e3o poss\u00edvel para sua recupera\u00e7\u00e3o. Sua habilidade em comunicar-se efetivamente com todas as partes envolvidas, incluindo tribunais, credores e funcion\u00e1rios, assegura que o processo transcorra de maneira mais fluida e construtiva.<\/div>\n<hr \/>\n<div  class='avia-button-wrap avia-button-center  avia-builder-el-0  avia-builder-el-no-sibling '>\n<style type=\"text\/css\" data-created_by=\"avia_inline_auto\" id=\"style-css-av-b74in-29fcdb807de1bd65cd80c0812d4e929c\">\n#top #wrap_all .avia-button.av-b74in-29fcdb807de1bd65cd80c0812d4e929c:hover{\ncolor:white;\ntransition:all 0.4s ease-in-out;\n}\n<\/style>\n<a href='https:\/\/tocchini.com.br\/index.php\/consulta-online\/' class='avia-color-theme-color avia-font-color-theme-color avia-button avia-button-fullwidth av-b74in-29fcdb807de1bd65cd80c0812d4e929c avia-icon_select-yes-left-icon avia-color-theme-color'  target=\"_blank\"  rel=\"noopener noreferrer\" ><span class='avia_button_icon avia_button_icon_left' aria-hidden='true' data-av_icon='\ue832' data-av_iconfont='entypo-fontello'><\/span><span class='avia_iconbox_title' >FALE CONOSCO AGORA<\/span><span class='avia_button_background avia-button avia-button-fullwidth avia-color-theme-color-highlight'><\/span><\/a><\/div>\n","protected":false},"excerpt":{"rendered":"<p>Atrav\u00e9s da experi\u00eancia e lideran\u00e7a do Dr. M\u00e1rio Tocchini Neto, nosso escrit\u00f3rio tem se destacado na representa\u00e7\u00e3o de empresas em dificuldades financeiras, orientando-as atrav\u00e9s do complexo processo de recupera\u00e7\u00e3o judicial. Sua capacidade de analisar profundamente cada caso, aliada \u00e0 sua experi\u00eancia em direito empresarial, processual e financeiro, nos permite desenvolver estrat\u00e9gias jur\u00eddicas s\u00f3lidas que protegem [&hellip;]<\/p>\n","protected":false},"author":1,"featured_media":0,"parent":0,"menu_order":0,"comment_status":"closed","ping_status":"closed","template":"","meta":{"footnotes":""},"class_list":["post-387","page","type-page","status-publish","hentry"],"_links":{"self":[{"href":"https:\/\/tocchini.com.br\/index.php\/wp-json\/wp\/v2\/pages\/387","targetHints":{"allow":["GET"]}}],"collection":[{"href":"https:\/\/tocchini.com.br\/index.php\/wp-json\/wp\/v2\/pages"}],"about":[{"href":"https:\/\/tocchini.com.br\/index.php\/wp-json\/wp\/v2\/types\/page"}],"author":[{"embeddable":true,"href":"https:\/\/tocchini.com.br\/index.php\/wp-json\/wp\/v2\/users\/1"}],"replies":[{"embeddable":true,"href":"https:\/\/tocchini.com.br\/index.php\/wp-json\/wp\/v2\/comments?post=387"}],"version-history":[{"count":1,"href":"https:\/\/tocchini.com.br\/index.php\/wp-json\/wp\/v2\/pages\/387\/revisions"}],"predecessor-version":[{"id":389,"href":"https:\/\/tocchini.com.br\/index.php\/wp-json\/wp\/v2\/pages\/387\/revisions\/389"}],"wp:attachment":[{"href":"https:\/\/tocchini.com.br\/index.php\/wp-json\/wp\/v2\/media?parent=387"}],"curies":[{"name":"wp","href":"https:\/\/api.w.org\/{rel}","templated":true}]}}