{"id":379,"date":"2024-06-27T17:07:19","date_gmt":"2024-06-27T20:07:19","guid":{"rendered":"https:\/\/tocchini.com.br\/?page_id=379"},"modified":"2025-02-07T14:27:34","modified_gmt":"2025-02-07T17:27:34","slug":"planejamento-estrategico-para-superar-crises","status":"publish","type":"page","link":"https:\/\/tocchini.com.br\/index.php\/planejamento-estrategico-para-superar-crises\/","title":{"rendered":"PLANEJAMENTO ESTRAT\u00c9GICO PARA SUPERAR CRISES"},"content":{"rendered":"<p><img loading=\"lazy\" decoding=\"async\" class=\"aligncenter size-full wp-image-380\" src=\"https:\/\/tocchini.com.br\/wp-content\/uploads\/2024\/06\/planejamento-estrategico-para-superar-crises-tocchini.jpg\" alt=\"\" width=\"1500\" height=\"450\" srcset=\"https:\/\/tocchini.com.br\/wp-content\/uploads\/2024\/06\/planejamento-estrategico-para-superar-crises-tocchini.jpg 1500w, https:\/\/tocchini.com.br\/wp-content\/uploads\/2024\/06\/planejamento-estrategico-para-superar-crises-tocchini-300x90.jpg 300w, https:\/\/tocchini.com.br\/wp-content\/uploads\/2024\/06\/planejamento-estrategico-para-superar-crises-tocchini-1030x309.jpg 1030w, https:\/\/tocchini.com.br\/wp-content\/uploads\/2024\/06\/planejamento-estrategico-para-superar-crises-tocchini-768x230.jpg 768w, https:\/\/tocchini.com.br\/wp-content\/uploads\/2024\/06\/planejamento-estrategico-para-superar-crises-tocchini-705x212.jpg 705w\" sizes=\"auto, (max-width: 1500px) 100vw, 1500px\" \/><\/p>\n<hr \/>\n<div align=\"justify\">\n<p><span style=\"font-weight: 400;\">Com uma abordagem ampla e inovadora, orientamos nossos clientes no desenvolvimento de planos estrat\u00e9gicos que n\u00e3o apenas lidam quest\u00f5es imediatas, mas tamb\u00e9m posicionam a empresa para o sucesso futuro. Nossa atua\u00e7\u00e3o imp\u00f5e a an\u00e1lise de cen\u00e1rios e busca identificar pontos de alavancagem e antecipar desafios futuros \u00e9 fundamental para construir estrat\u00e9gias resilientes que promovam a adapta\u00e7\u00e3o e o crescimento sustent\u00e1vel.\u00a0<\/span><\/p>\n<\/div>\n<hr \/>\n<div  class='avia-button-wrap avia-button-center  avia-builder-el-0  avia-builder-el-no-sibling '>\n<style type=\"text\/css\" data-created_by=\"avia_inline_auto\" id=\"style-css-av-b74in-fa94bb896f9dd3adc43cf3648c5f786a\">\n#top #wrap_all .avia-button.av-b74in-fa94bb896f9dd3adc43cf3648c5f786a:hover{\ncolor:white;\ntransition:all 0.4s ease-in-out;\n}\n<\/style>\n<a href='https:\/\/tocchini.com.br\/index.php\/consulta-online\/' class='avia-color-theme-color avia-font-color-theme-color avia-button avia-button-fullwidth av-b74in-fa94bb896f9dd3adc43cf3648c5f786a avia-icon_select-yes-left-icon avia-color-theme-color'  target=\"_blank\"  rel=\"noopener noreferrer\" ><span class='avia_button_icon avia_button_icon_left' aria-hidden='true' data-av_icon='\ue832' data-av_iconfont='entypo-fontello'><\/span><span class='avia_iconbox_title' >FALE CONOSCO AGORA<\/span><span class='avia_button_background avia-button avia-button-fullwidth avia-color-theme-color-highlight'><\/span><\/a><\/div>\n","protected":false},"excerpt":{"rendered":"<p>Com uma abordagem ampla e inovadora, orientamos nossos clientes no desenvolvimento de planos estrat\u00e9gicos que n\u00e3o apenas lidam quest\u00f5es imediatas, mas tamb\u00e9m posicionam a empresa para o sucesso futuro. Nossa atua\u00e7\u00e3o imp\u00f5e a an\u00e1lise de cen\u00e1rios e busca identificar pontos de alavancagem e antecipar desafios futuros \u00e9 fundamental para construir estrat\u00e9gias resilientes que promovam a [&hellip;]<\/p>\n","protected":false},"author":1,"featured_media":0,"parent":0,"menu_order":0,"comment_status":"closed","ping_status":"closed","template":"","meta":{"footnotes":""},"class_list":["post-379","page","type-page","status-publish","hentry"],"_links":{"self":[{"href":"https:\/\/tocchini.com.br\/index.php\/wp-json\/wp\/v2\/pages\/379","targetHints":{"allow":["GET"]}}],"collection":[{"href":"https:\/\/tocchini.com.br\/index.php\/wp-json\/wp\/v2\/pages"}],"about":[{"href":"https:\/\/tocchini.com.br\/index.php\/wp-json\/wp\/v2\/types\/page"}],"author":[{"embeddable":true,"href":"https:\/\/tocchini.com.br\/index.php\/wp-json\/wp\/v2\/users\/1"}],"replies":[{"embeddable":true,"href":"https:\/\/tocchini.com.br\/index.php\/wp-json\/wp\/v2\/comments?post=379"}],"version-history":[{"count":2,"href":"https:\/\/tocchini.com.br\/index.php\/wp-json\/wp\/v2\/pages\/379\/revisions"}],"predecessor-version":[{"id":1004,"href":"https:\/\/tocchini.com.br\/index.php\/wp-json\/wp\/v2\/pages\/379\/revisions\/1004"}],"wp:attachment":[{"href":"https:\/\/tocchini.com.br\/index.php\/wp-json\/wp\/v2\/media?parent=379"}],"curies":[{"name":"wp","href":"https:\/\/api.w.org\/{rel}","templated":true}]}}