{"id":362,"date":"2024-06-27T16:35:13","date_gmt":"2024-06-27T19:35:13","guid":{"rendered":"https:\/\/tocchini.com.br\/?page_id=362"},"modified":"2025-02-07T14:26:41","modified_gmt":"2025-02-07T17:26:41","slug":"planejamento-financeiro-para-inadimplentes","status":"publish","type":"page","link":"https:\/\/tocchini.com.br\/index.php\/planejamento-financeiro-para-inadimplentes\/","title":{"rendered":"PLANEJAMENTO FINANCEIRO PARA INADIMPLENTES"},"content":{"rendered":"<p><img loading=\"lazy\" decoding=\"async\" class=\"aligncenter wp-image-363 size-full\" src=\"https:\/\/tocchini.com.br\/wp-content\/uploads\/2024\/06\/planejamento-financeiro-para-inadimplentes.jpg\" alt=\"\" width=\"1500\" height=\"450\" srcset=\"https:\/\/tocchini.com.br\/wp-content\/uploads\/2024\/06\/planejamento-financeiro-para-inadimplentes.jpg 1500w, https:\/\/tocchini.com.br\/wp-content\/uploads\/2024\/06\/planejamento-financeiro-para-inadimplentes-300x90.jpg 300w, https:\/\/tocchini.com.br\/wp-content\/uploads\/2024\/06\/planejamento-financeiro-para-inadimplentes-1030x309.jpg 1030w, https:\/\/tocchini.com.br\/wp-content\/uploads\/2024\/06\/planejamento-financeiro-para-inadimplentes-768x230.jpg 768w, https:\/\/tocchini.com.br\/wp-content\/uploads\/2024\/06\/planejamento-financeiro-para-inadimplentes-705x212.jpg 705w\" sizes=\"auto, (max-width: 1500px) 100vw, 1500px\" \/><\/p>\n<hr \/>\n<div align=\"justify\">\n<ul>\n<li style=\"font-weight: 400;\" aria-level=\"1\"><span style=\"font-weight: 400;\">O planejamento financeiro e estratat\u00e9gico para inadimplentes \u00e9 uma \u00e1rea onde sua vis\u00e3o estrat\u00e9gica e conhecimento interdisciplinar realmente brilham. Reconhecendo a import\u00e2ncia de uma abordagem ampla, voc\u00ea lidera nosso escrit\u00f3rio na elabora\u00e7\u00e3o de planos financeiros personalizados que n\u00e3o apenas abordam as d\u00edvidas existentes, mas tamb\u00e9m promovem a educa\u00e7\u00e3o financeira e a ado\u00e7\u00e3o de h\u00e1bitos que previnem futuras inadimpl\u00eancias. Nossa habilidade em criar uma conex\u00e3o genu\u00edna com os clientes promove um ambiente de confian\u00e7a e abertura, essencial para a implementa\u00e7\u00e3o bem-sucedida de estrat\u00e9gias de planejamento financeiro que sejam realistas e efetivas a longo prazo.<\/span><\/li>\n<\/ul>\n<\/div>\n<hr \/>\n<div  class='avia-button-wrap avia-button-center  avia-builder-el-0  avia-builder-el-no-sibling '>\n<style type=\"text\/css\" data-created_by=\"avia_inline_auto\" id=\"style-css-av-b74in-fa94bb896f9dd3adc43cf3648c5f786a\">\n#top #wrap_all .avia-button.av-b74in-fa94bb896f9dd3adc43cf3648c5f786a:hover{\ncolor:white;\ntransition:all 0.4s ease-in-out;\n}\n<\/style>\n<a href='https:\/\/tocchini.com.br\/index.php\/consulta-online\/' class='avia-color-theme-color avia-font-color-theme-color avia-button avia-button-fullwidth av-b74in-fa94bb896f9dd3adc43cf3648c5f786a avia-icon_select-yes-left-icon avia-color-theme-color'  target=\"_blank\"  rel=\"noopener noreferrer\" ><span class='avia_button_icon avia_button_icon_left' aria-hidden='true' data-av_icon='\ue832' data-av_iconfont='entypo-fontello'><\/span><span class='avia_iconbox_title' >FALE CONOSCO AGORA<\/span><span class='avia_button_background avia-button avia-button-fullwidth avia-color-theme-color-highlight'><\/span><\/a><\/div>\n","protected":false},"excerpt":{"rendered":"<p>O planejamento financeiro e estratat\u00e9gico para inadimplentes \u00e9 uma \u00e1rea onde sua vis\u00e3o estrat\u00e9gica e conhecimento interdisciplinar realmente brilham. Reconhecendo a import\u00e2ncia de uma abordagem ampla, voc\u00ea lidera nosso escrit\u00f3rio na elabora\u00e7\u00e3o de planos financeiros personalizados que n\u00e3o apenas abordam as d\u00edvidas existentes, mas tamb\u00e9m promovem a educa\u00e7\u00e3o financeira e a ado\u00e7\u00e3o de h\u00e1bitos que [&hellip;]<\/p>\n","protected":false},"author":1,"featured_media":0,"parent":0,"menu_order":0,"comment_status":"closed","ping_status":"closed","template":"","meta":{"footnotes":""},"class_list":["post-362","page","type-page","status-publish","hentry"],"_links":{"self":[{"href":"https:\/\/tocchini.com.br\/index.php\/wp-json\/wp\/v2\/pages\/362","targetHints":{"allow":["GET"]}}],"collection":[{"href":"https:\/\/tocchini.com.br\/index.php\/wp-json\/wp\/v2\/pages"}],"about":[{"href":"https:\/\/tocchini.com.br\/index.php\/wp-json\/wp\/v2\/types\/page"}],"author":[{"embeddable":true,"href":"https:\/\/tocchini.com.br\/index.php\/wp-json\/wp\/v2\/users\/1"}],"replies":[{"embeddable":true,"href":"https:\/\/tocchini.com.br\/index.php\/wp-json\/wp\/v2\/comments?post=362"}],"version-history":[{"count":2,"href":"https:\/\/tocchini.com.br\/index.php\/wp-json\/wp\/v2\/pages\/362\/revisions"}],"predecessor-version":[{"id":1002,"href":"https:\/\/tocchini.com.br\/index.php\/wp-json\/wp\/v2\/pages\/362\/revisions\/1002"}],"wp:attachment":[{"href":"https:\/\/tocchini.com.br\/index.php\/wp-json\/wp\/v2\/media?parent=362"}],"curies":[{"name":"wp","href":"https:\/\/api.w.org\/{rel}","templated":true}]}}