{"id":359,"date":"2024-06-27T16:33:30","date_gmt":"2024-06-27T19:33:30","guid":{"rendered":"https:\/\/tocchini.com.br\/?page_id=359"},"modified":"2024-06-27T16:33:30","modified_gmt":"2024-06-27T19:33:30","slug":"reparacao-de-credito-e-score","status":"publish","type":"page","link":"https:\/\/tocchini.com.br\/index.php\/reparacao-de-credito-e-score\/","title":{"rendered":"REPARA\u00c7\u00c3O DE CR\u00c9DITO E SCORE"},"content":{"rendered":"<p><img loading=\"lazy\" decoding=\"async\" class=\"aligncenter size-full wp-image-360\" src=\"https:\/\/tocchini.com.br\/wp-content\/uploads\/2024\/06\/reparacao-de-credito-e-score.jpg\" alt=\"\" width=\"1500\" height=\"450\" srcset=\"https:\/\/tocchini.com.br\/wp-content\/uploads\/2024\/06\/reparacao-de-credito-e-score.jpg 1500w, https:\/\/tocchini.com.br\/wp-content\/uploads\/2024\/06\/reparacao-de-credito-e-score-300x90.jpg 300w, https:\/\/tocchini.com.br\/wp-content\/uploads\/2024\/06\/reparacao-de-credito-e-score-1030x309.jpg 1030w, https:\/\/tocchini.com.br\/wp-content\/uploads\/2024\/06\/reparacao-de-credito-e-score-768x230.jpg 768w, https:\/\/tocchini.com.br\/wp-content\/uploads\/2024\/06\/reparacao-de-credito-e-score-705x212.jpg 705w\" sizes=\"auto, (max-width: 1500px) 100vw, 1500px\" \/><\/p>\n<hr \/>\n<div align=\"justify\">A repara\u00e7\u00e3o de cr\u00e9dito e melhoria do score de cr\u00e9dito s\u00e3o fundamentais para a recupera\u00e7\u00e3o financeira dos clientes. Sob sua orienta\u00e7\u00e3o, nosso escrit\u00f3rio oferece servi\u00e7os especializados que ajudam os clientes a entenderem os fatores que afetam seus scores de cr\u00e9dito e as estrat\u00e9gias eficazes para melhor\u00e1-los. Sua abordagem estrat\u00e9gica, focada em solu\u00e7\u00f5es pr\u00e1ticas e personalizadas, permite que nossos clientes n\u00e3o apenas corrijam imprecis\u00f5es em seus relat\u00f3rios de cr\u00e9dito, mas tamb\u00e9m adotem pr\u00e1ticas financeiras saud\u00e1veis que contribuem para a reconstru\u00e7\u00e3o de sua credibilidade financeira.<\/div>\n<hr \/>\n<div  class='avia-button-wrap avia-button-center  avia-builder-el-0  avia-builder-el-no-sibling '>\n<style type=\"text\/css\" data-created_by=\"avia_inline_auto\" id=\"style-css-av-b74in-fa94bb896f9dd3adc43cf3648c5f786a\">\n#top #wrap_all .avia-button.av-b74in-fa94bb896f9dd3adc43cf3648c5f786a:hover{\ncolor:white;\ntransition:all 0.4s ease-in-out;\n}\n<\/style>\n<a href='https:\/\/tocchini.com.br\/index.php\/consulta-online\/' class='avia-color-theme-color avia-font-color-theme-color avia-button avia-button-fullwidth av-b74in-fa94bb896f9dd3adc43cf3648c5f786a avia-icon_select-yes-left-icon avia-color-theme-color'  target=\"_blank\"  rel=\"noopener noreferrer\" ><span class='avia_button_icon avia_button_icon_left' aria-hidden='true' data-av_icon='\ue832' data-av_iconfont='entypo-fontello'><\/span><span class='avia_iconbox_title' >FALE CONOSCO AGORA<\/span><span class='avia_button_background avia-button avia-button-fullwidth avia-color-theme-color-highlight'><\/span><\/a><\/div>\n","protected":false},"excerpt":{"rendered":"<p>A repara\u00e7\u00e3o de cr\u00e9dito e melhoria do score de cr\u00e9dito s\u00e3o fundamentais para a recupera\u00e7\u00e3o financeira dos clientes. Sob sua orienta\u00e7\u00e3o, nosso escrit\u00f3rio oferece servi\u00e7os especializados que ajudam os clientes a entenderem os fatores que afetam seus scores de cr\u00e9dito e as estrat\u00e9gias eficazes para melhor\u00e1-los. Sua abordagem estrat\u00e9gica, focada em solu\u00e7\u00f5es pr\u00e1ticas e personalizadas, [&hellip;]<\/p>\n","protected":false},"author":1,"featured_media":0,"parent":0,"menu_order":0,"comment_status":"closed","ping_status":"closed","template":"","meta":{"footnotes":""},"class_list":["post-359","page","type-page","status-publish","hentry"],"_links":{"self":[{"href":"https:\/\/tocchini.com.br\/index.php\/wp-json\/wp\/v2\/pages\/359","targetHints":{"allow":["GET"]}}],"collection":[{"href":"https:\/\/tocchini.com.br\/index.php\/wp-json\/wp\/v2\/pages"}],"about":[{"href":"https:\/\/tocchini.com.br\/index.php\/wp-json\/wp\/v2\/types\/page"}],"author":[{"embeddable":true,"href":"https:\/\/tocchini.com.br\/index.php\/wp-json\/wp\/v2\/users\/1"}],"replies":[{"embeddable":true,"href":"https:\/\/tocchini.com.br\/index.php\/wp-json\/wp\/v2\/comments?post=359"}],"version-history":[{"count":1,"href":"https:\/\/tocchini.com.br\/index.php\/wp-json\/wp\/v2\/pages\/359\/revisions"}],"predecessor-version":[{"id":361,"href":"https:\/\/tocchini.com.br\/index.php\/wp-json\/wp\/v2\/pages\/359\/revisions\/361"}],"wp:attachment":[{"href":"https:\/\/tocchini.com.br\/index.php\/wp-json\/wp\/v2\/media?parent=359"}],"curies":[{"name":"wp","href":"https:\/\/api.w.org\/{rel}","templated":true}]}}