{"id":350,"date":"2024-06-27T16:23:58","date_gmt":"2024-06-27T19:23:58","guid":{"rendered":"https:\/\/tocchini.com.br\/?page_id=350"},"modified":"2024-06-27T16:23:58","modified_gmt":"2024-06-27T19:23:58","slug":"servico-consultivo-amplo-e-multidisciplinar","status":"publish","type":"page","link":"https:\/\/tocchini.com.br\/index.php\/servico-consultivo-amplo-e-multidisciplinar\/","title":{"rendered":"SERVI\u00c7O CONSULTIVO AMPLO E MULTIDISCIPLINAR"},"content":{"rendered":"<p><img loading=\"lazy\" decoding=\"async\" class=\"aligncenter size-full wp-image-351\" src=\"https:\/\/tocchini.com.br\/wp-content\/uploads\/2024\/06\/servico-consultivo-amplo-e-multidisciplinar-tocchini.jpg\" alt=\"\" width=\"1500\" height=\"450\" srcset=\"https:\/\/tocchini.com.br\/wp-content\/uploads\/2024\/06\/servico-consultivo-amplo-e-multidisciplinar-tocchini.jpg 1500w, https:\/\/tocchini.com.br\/wp-content\/uploads\/2024\/06\/servico-consultivo-amplo-e-multidisciplinar-tocchini-300x90.jpg 300w, https:\/\/tocchini.com.br\/wp-content\/uploads\/2024\/06\/servico-consultivo-amplo-e-multidisciplinar-tocchini-1030x309.jpg 1030w, https:\/\/tocchini.com.br\/wp-content\/uploads\/2024\/06\/servico-consultivo-amplo-e-multidisciplinar-tocchini-768x230.jpg 768w, https:\/\/tocchini.com.br\/wp-content\/uploads\/2024\/06\/servico-consultivo-amplo-e-multidisciplinar-tocchini-705x212.jpg 705w\" sizes=\"auto, (max-width: 1500px) 100vw, 1500px\" \/><\/p>\n<hr \/>\n<div align=\"justify\">Nossa atua\u00e7\u00e3o se baseia em um servi\u00e7o consultivo amplo, abarcando uma gama variada de \u00e1reas do Direito, incluindo Empresarial, Contratual, do Consumidor, Societ\u00e1rio, Obriga\u00e7\u00f5es, Imobili\u00e1rio, Contencioso Tribut\u00e1rio e Direito Administrativo. Esta abordagem hol\u00edstica nos permite identificar solu\u00e7\u00f5es criativas e eficientes para desafios complexos, especialmente na gest\u00e3o de inadimpl\u00eancia.<\/div>\n<hr \/>\n<div  class='avia-button-wrap avia-button-center  avia-builder-el-0  avia-builder-el-no-sibling '>\n<style type=\"text\/css\" data-created_by=\"avia_inline_auto\" id=\"style-css-av-b74in-fa94bb896f9dd3adc43cf3648c5f786a\">\n#top #wrap_all .avia-button.av-b74in-fa94bb896f9dd3adc43cf3648c5f786a:hover{\ncolor:white;\ntransition:all 0.4s ease-in-out;\n}\n<\/style>\n<a href='https:\/\/tocchini.com.br\/index.php\/consulta-online\/' class='avia-color-theme-color avia-font-color-theme-color avia-button avia-button-fullwidth av-b74in-fa94bb896f9dd3adc43cf3648c5f786a avia-icon_select-yes-left-icon avia-color-theme-color'  target=\"_blank\"  rel=\"noopener noreferrer\" ><span class='avia_button_icon avia_button_icon_left' aria-hidden='true' data-av_icon='\ue832' data-av_iconfont='entypo-fontello'><\/span><span class='avia_iconbox_title' >FALE CONOSCO AGORA<\/span><span class='avia_button_background avia-button avia-button-fullwidth avia-color-theme-color-highlight'><\/span><\/a><\/div>\n","protected":false},"excerpt":{"rendered":"<p>Nossa atua\u00e7\u00e3o se baseia em um servi\u00e7o consultivo amplo, abarcando uma gama variada de \u00e1reas do Direito, incluindo Empresarial, Contratual, do Consumidor, Societ\u00e1rio, Obriga\u00e7\u00f5es, Imobili\u00e1rio, Contencioso Tribut\u00e1rio e Direito Administrativo. Esta abordagem hol\u00edstica nos permite identificar solu\u00e7\u00f5es criativas e eficientes para desafios complexos, especialmente na gest\u00e3o de inadimpl\u00eancia.<\/p>\n","protected":false},"author":1,"featured_media":0,"parent":0,"menu_order":0,"comment_status":"closed","ping_status":"closed","template":"","meta":{"footnotes":""},"class_list":["post-350","page","type-page","status-publish","hentry"],"_links":{"self":[{"href":"https:\/\/tocchini.com.br\/index.php\/wp-json\/wp\/v2\/pages\/350","targetHints":{"allow":["GET"]}}],"collection":[{"href":"https:\/\/tocchini.com.br\/index.php\/wp-json\/wp\/v2\/pages"}],"about":[{"href":"https:\/\/tocchini.com.br\/index.php\/wp-json\/wp\/v2\/types\/page"}],"author":[{"embeddable":true,"href":"https:\/\/tocchini.com.br\/index.php\/wp-json\/wp\/v2\/users\/1"}],"replies":[{"embeddable":true,"href":"https:\/\/tocchini.com.br\/index.php\/wp-json\/wp\/v2\/comments?post=350"}],"version-history":[{"count":1,"href":"https:\/\/tocchini.com.br\/index.php\/wp-json\/wp\/v2\/pages\/350\/revisions"}],"predecessor-version":[{"id":352,"href":"https:\/\/tocchini.com.br\/index.php\/wp-json\/wp\/v2\/pages\/350\/revisions\/352"}],"wp:attachment":[{"href":"https:\/\/tocchini.com.br\/index.php\/wp-json\/wp\/v2\/media?parent=350"}],"curies":[{"name":"wp","href":"https:\/\/api.w.org\/{rel}","templated":true}]}}