{"id":342,"date":"2024-06-22T10:04:48","date_gmt":"2024-06-22T13:04:48","guid":{"rendered":"https:\/\/tocchini.com.br\/?page_id=342"},"modified":"2025-02-07T14:18:52","modified_gmt":"2025-02-07T17:18:52","slug":"assessoria-juridica-em-questoes-bancarias","status":"publish","type":"page","link":"https:\/\/tocchini.com.br\/index.php\/assessoria-juridica-em-questoes-bancarias\/","title":{"rendered":"ASSESSORIA JUR\u00cdDICA EM A\u00c7\u00d5ES DE EXECU\u00c7\u00c3O E COBRAN\u00c7A"},"content":{"rendered":"<p><img loading=\"lazy\" decoding=\"async\" class=\"aligncenter size-full wp-image-343\" src=\"https:\/\/tocchini.com.br\/wp-content\/uploads\/2024\/06\/assessoria-juridica-em-questoes-bancarias.jpg\" alt=\"\" width=\"1500\" height=\"450\" srcset=\"https:\/\/tocchini.com.br\/wp-content\/uploads\/2024\/06\/assessoria-juridica-em-questoes-bancarias.jpg 1500w, https:\/\/tocchini.com.br\/wp-content\/uploads\/2024\/06\/assessoria-juridica-em-questoes-bancarias-300x90.jpg 300w, https:\/\/tocchini.com.br\/wp-content\/uploads\/2024\/06\/assessoria-juridica-em-questoes-bancarias-1030x309.jpg 1030w, https:\/\/tocchini.com.br\/wp-content\/uploads\/2024\/06\/assessoria-juridica-em-questoes-bancarias-768x230.jpg 768w, https:\/\/tocchini.com.br\/wp-content\/uploads\/2024\/06\/assessoria-juridica-em-questoes-bancarias-705x212.jpg 705w\" sizes=\"auto, (max-width: 1500px) 100vw, 1500px\" \/><\/p>\n<hr \/>\n<div align=\"justify\">\n<p><span style=\"font-weight: 400;\">A experi\u00eancia e lideran\u00e7a do Dr. M\u00e1rio Tocchini Neto em assessoria jur\u00eddica abrange uma vasta gama de quest\u00f5es banc\u00e1rias, desde a negocia\u00e7\u00e3o de d\u00edvidas at\u00e9 a defesa em processos de execu\u00e7\u00e3o e outras disputas financeiras &#8211; sempre de forma estrat\u00e9gica. Nosso conhecimento interdisciplinar, combinado com uma abordagem estrat\u00e9gica e personalizada, garante que nossos clientes recebam orienta\u00e7\u00f5es precisas e eficazes, independentemente da complexidade de seus casos. Nossa capacidade de conduzir o processo e estabelecer uma comunica\u00e7\u00e3o efetiva assegura que nossos clientes estejam bem informados e confort\u00e1veis durante todo o processo legal, sabendo que seus interesses est\u00e3o sendo protegidos por um profissional altamente qualificado e dedicado.<\/span><\/p>\n<\/div>\n<hr \/>\n<div  class='avia-button-wrap avia-button-center  avia-builder-el-0  avia-builder-el-no-sibling '>\n<style type=\"text\/css\" data-created_by=\"avia_inline_auto\" id=\"style-css-av-b74in-fa94bb896f9dd3adc43cf3648c5f786a\">\n#top #wrap_all .avia-button.av-b74in-fa94bb896f9dd3adc43cf3648c5f786a:hover{\ncolor:white;\ntransition:all 0.4s ease-in-out;\n}\n<\/style>\n<a href='https:\/\/tocchini.com.br\/index.php\/consulta-online\/' class='avia-color-theme-color avia-font-color-theme-color avia-button avia-button-fullwidth av-b74in-fa94bb896f9dd3adc43cf3648c5f786a avia-icon_select-yes-left-icon avia-color-theme-color'  target=\"_blank\"  rel=\"noopener noreferrer\" ><span class='avia_button_icon avia_button_icon_left' aria-hidden='true' data-av_icon='\ue832' data-av_iconfont='entypo-fontello'><\/span><span class='avia_iconbox_title' >FALE CONOSCO AGORA<\/span><span class='avia_button_background avia-button avia-button-fullwidth avia-color-theme-color-highlight'><\/span><\/a><\/div>\n","protected":false},"excerpt":{"rendered":"<p>A experi\u00eancia e lideran\u00e7a do Dr. M\u00e1rio Tocchini Neto em assessoria jur\u00eddica abrange uma vasta gama de quest\u00f5es banc\u00e1rias, desde a negocia\u00e7\u00e3o de d\u00edvidas at\u00e9 a defesa em processos de execu\u00e7\u00e3o e outras disputas financeiras &#8211; sempre de forma estrat\u00e9gica. Nosso conhecimento interdisciplinar, combinado com uma abordagem estrat\u00e9gica e personalizada, garante que nossos clientes recebam [&hellip;]<\/p>\n","protected":false},"author":1,"featured_media":0,"parent":0,"menu_order":0,"comment_status":"closed","ping_status":"closed","template":"","meta":{"footnotes":""},"class_list":["post-342","page","type-page","status-publish","hentry"],"_links":{"self":[{"href":"https:\/\/tocchini.com.br\/index.php\/wp-json\/wp\/v2\/pages\/342","targetHints":{"allow":["GET"]}}],"collection":[{"href":"https:\/\/tocchini.com.br\/index.php\/wp-json\/wp\/v2\/pages"}],"about":[{"href":"https:\/\/tocchini.com.br\/index.php\/wp-json\/wp\/v2\/types\/page"}],"author":[{"embeddable":true,"href":"https:\/\/tocchini.com.br\/index.php\/wp-json\/wp\/v2\/users\/1"}],"replies":[{"embeddable":true,"href":"https:\/\/tocchini.com.br\/index.php\/wp-json\/wp\/v2\/comments?post=342"}],"version-history":[{"count":3,"href":"https:\/\/tocchini.com.br\/index.php\/wp-json\/wp\/v2\/pages\/342\/revisions"}],"predecessor-version":[{"id":998,"href":"https:\/\/tocchini.com.br\/index.php\/wp-json\/wp\/v2\/pages\/342\/revisions\/998"}],"wp:attachment":[{"href":"https:\/\/tocchini.com.br\/index.php\/wp-json\/wp\/v2\/media?parent=342"}],"curies":[{"name":"wp","href":"https:\/\/api.w.org\/{rel}","templated":true}]}}