{"id":338,"date":"2024-06-22T10:02:18","date_gmt":"2024-06-22T13:02:18","guid":{"rendered":"https:\/\/tocchini.com.br\/?page_id=338"},"modified":"2025-02-07T14:17:42","modified_gmt":"2025-02-07T17:17:42","slug":"acoes-de-revisao-de-juros-e-taxas-bancarias","status":"publish","type":"page","link":"https:\/\/tocchini.com.br\/index.php\/acoes-de-revisao-de-juros-e-taxas-bancarias\/","title":{"rendered":"A\u00c7\u00d5ES DE REVIS\u00c3O DE JUROS E TAXAS BANC\u00c1RIAS"},"content":{"rendered":"<p><img loading=\"lazy\" decoding=\"async\" class=\"aligncenter size-full wp-image-340\" src=\"https:\/\/tocchini.com.br\/wp-content\/uploads\/2024\/06\/acoes-de-revisao-de-juros-e-taxas-bancarias-tocchini.jpg\" alt=\"\" width=\"1500\" height=\"450\" srcset=\"https:\/\/tocchini.com.br\/wp-content\/uploads\/2024\/06\/acoes-de-revisao-de-juros-e-taxas-bancarias-tocchini.jpg 1500w, https:\/\/tocchini.com.br\/wp-content\/uploads\/2024\/06\/acoes-de-revisao-de-juros-e-taxas-bancarias-tocchini-300x90.jpg 300w, https:\/\/tocchini.com.br\/wp-content\/uploads\/2024\/06\/acoes-de-revisao-de-juros-e-taxas-bancarias-tocchini-1030x309.jpg 1030w, https:\/\/tocchini.com.br\/wp-content\/uploads\/2024\/06\/acoes-de-revisao-de-juros-e-taxas-bancarias-tocchini-768x230.jpg 768w, https:\/\/tocchini.com.br\/wp-content\/uploads\/2024\/06\/acoes-de-revisao-de-juros-e-taxas-bancarias-tocchini-705x212.jpg 705w\" sizes=\"auto, (max-width: 1500px) 100vw, 1500px\" \/><\/p>\n<hr \/>\n<div align=\"justify\">\n<p><span style=\"font-weight: 400;\">Nesta \u00e1rea, sua experi\u00eancia se mostra especialmente valiosa ao questionarmos juros e taxas banc\u00e1rias que sobrecarregam injustamente os consumidores. Sua habilidade em negociar e argumentar, baseada em s\u00f3lidos conhecimentos jur\u00eddicos e estrat\u00e9gicos, nos permite representar eficazmente os clientes em a\u00e7\u00f5es de revis\u00e3o. Voc\u00ea lidera nosso escrit\u00f3rio na busca por solu\u00e7\u00f5es justas, seja atrav\u00e9s de negocia\u00e7\u00e3o direta com as institui\u00e7\u00f5es financeiras ou lit\u00edgio, sempre com o objetivo de alcan\u00e7ar condi\u00e7\u00f5es mais favor\u00e1veis e equitativas para nossos clientes.<\/span><\/p>\n<\/div>\n<hr \/>\n<div  class='avia-button-wrap avia-button-center  avia-builder-el-0  avia-builder-el-no-sibling '>\n<style type=\"text\/css\" data-created_by=\"avia_inline_auto\" id=\"style-css-av-b74in-fa94bb896f9dd3adc43cf3648c5f786a\">\n#top #wrap_all .avia-button.av-b74in-fa94bb896f9dd3adc43cf3648c5f786a:hover{\ncolor:white;\ntransition:all 0.4s ease-in-out;\n}\n<\/style>\n<a href='https:\/\/tocchini.com.br\/index.php\/consulta-online\/' class='avia-color-theme-color avia-font-color-theme-color avia-button avia-button-fullwidth av-b74in-fa94bb896f9dd3adc43cf3648c5f786a avia-icon_select-yes-left-icon avia-color-theme-color'  target=\"_blank\"  rel=\"noopener noreferrer\" ><span class='avia_button_icon avia_button_icon_left' aria-hidden='true' data-av_icon='\ue832' data-av_iconfont='entypo-fontello'><\/span><span class='avia_iconbox_title' >FALE CONOSCO AGORA<\/span><span class='avia_button_background avia-button avia-button-fullwidth avia-color-theme-color-highlight'><\/span><\/a><\/div>\n","protected":false},"excerpt":{"rendered":"<p>Nesta \u00e1rea, sua experi\u00eancia se mostra especialmente valiosa ao questionarmos juros e taxas banc\u00e1rias que sobrecarregam injustamente os consumidores. Sua habilidade em negociar e argumentar, baseada em s\u00f3lidos conhecimentos jur\u00eddicos e estrat\u00e9gicos, nos permite representar eficazmente os clientes em a\u00e7\u00f5es de revis\u00e3o. Voc\u00ea lidera nosso escrit\u00f3rio na busca por solu\u00e7\u00f5es justas, seja atrav\u00e9s de negocia\u00e7\u00e3o [&hellip;]<\/p>\n","protected":false},"author":1,"featured_media":0,"parent":0,"menu_order":0,"comment_status":"closed","ping_status":"closed","template":"","meta":{"footnotes":""},"class_list":["post-338","page","type-page","status-publish","hentry"],"_links":{"self":[{"href":"https:\/\/tocchini.com.br\/index.php\/wp-json\/wp\/v2\/pages\/338","targetHints":{"allow":["GET"]}}],"collection":[{"href":"https:\/\/tocchini.com.br\/index.php\/wp-json\/wp\/v2\/pages"}],"about":[{"href":"https:\/\/tocchini.com.br\/index.php\/wp-json\/wp\/v2\/types\/page"}],"author":[{"embeddable":true,"href":"https:\/\/tocchini.com.br\/index.php\/wp-json\/wp\/v2\/users\/1"}],"replies":[{"embeddable":true,"href":"https:\/\/tocchini.com.br\/index.php\/wp-json\/wp\/v2\/comments?post=338"}],"version-history":[{"count":2,"href":"https:\/\/tocchini.com.br\/index.php\/wp-json\/wp\/v2\/pages\/338\/revisions"}],"predecessor-version":[{"id":995,"href":"https:\/\/tocchini.com.br\/index.php\/wp-json\/wp\/v2\/pages\/338\/revisions\/995"}],"wp:attachment":[{"href":"https:\/\/tocchini.com.br\/index.php\/wp-json\/wp\/v2\/media?parent=338"}],"curies":[{"name":"wp","href":"https:\/\/api.w.org\/{rel}","templated":true}]}}