{"id":335,"date":"2024-06-22T09:58:56","date_gmt":"2024-06-22T12:58:56","guid":{"rendered":"https:\/\/tocchini.com.br\/?page_id=335"},"modified":"2025-02-07T14:06:30","modified_gmt":"2025-02-07T17:06:30","slug":"analise-de-clausulas-abusivas-em-contratos-bancarios","status":"publish","type":"page","link":"https:\/\/tocchini.com.br\/index.php\/analise-de-clausulas-abusivas-em-contratos-bancarios\/","title":{"rendered":"AN\u00c1LISE DE CL\u00c1USULAS ABUSIVAS EM CONTRATOS BANC\u00c1RIOS"},"content":{"rendered":"<p><img loading=\"lazy\" decoding=\"async\" class=\"aligncenter size-full wp-image-336\" src=\"https:\/\/tocchini.com.br\/wp-content\/uploads\/2024\/06\/analise-de-clausulas-abusivas-em-contratos-bancarios-tocchini.jpg\" alt=\"\" width=\"1500\" height=\"450\" srcset=\"https:\/\/tocchini.com.br\/wp-content\/uploads\/2024\/06\/analise-de-clausulas-abusivas-em-contratos-bancarios-tocchini.jpg 1500w, https:\/\/tocchini.com.br\/wp-content\/uploads\/2024\/06\/analise-de-clausulas-abusivas-em-contratos-bancarios-tocchini-300x90.jpg 300w, https:\/\/tocchini.com.br\/wp-content\/uploads\/2024\/06\/analise-de-clausulas-abusivas-em-contratos-bancarios-tocchini-1030x309.jpg 1030w, https:\/\/tocchini.com.br\/wp-content\/uploads\/2024\/06\/analise-de-clausulas-abusivas-em-contratos-bancarios-tocchini-768x230.jpg 768w, https:\/\/tocchini.com.br\/wp-content\/uploads\/2024\/06\/analise-de-clausulas-abusivas-em-contratos-bancarios-tocchini-705x212.jpg 705w\" sizes=\"auto, (max-width: 1500px) 100vw, 1500px\" \/><\/p>\n<hr \/>\n<div align=\"justify\">\n<p><span style=\"font-weight: 400;\">A aten\u00e7\u00e3o aos detalhes contratuais \u00e9 fundamental na identifica\u00e7\u00e3o de cl\u00e1usulas abusivas em contratos banc\u00e1rios, mormente relativas a <\/span><b>revis\u00e3o de Juros e Taxas Banc\u00e1rias<\/b><span style=\"font-weight: 400;\">. Sob a orienta\u00e7\u00e3o do Dr. M\u00e1rio Tocchini Neto, que conta com mais de 20 anos de experi\u00eancia, somos capazes de identificar as nuances e v\u00edcios contratuais para nossos clientes, explicando suas implica\u00e7\u00f5es de maneira clara e acess\u00edvel. Nosso comprometimento em transmitir confian\u00e7a e criar conex\u00f5es refor\u00e7a a nossa abordagem centrada no cliente, facilitando processos muitas vezes percebidos como intimidadores.<\/span><\/p>\n<\/div>\n<hr \/>\n<div  class='avia-button-wrap avia-button-center  avia-builder-el-0  avia-builder-el-no-sibling '>\n<style type=\"text\/css\" data-created_by=\"avia_inline_auto\" id=\"style-css-av-b74in-fa94bb896f9dd3adc43cf3648c5f786a\">\n#top #wrap_all .avia-button.av-b74in-fa94bb896f9dd3adc43cf3648c5f786a:hover{\ncolor:white;\ntransition:all 0.4s ease-in-out;\n}\n<\/style>\n<a href='https:\/\/tocchini.com.br\/index.php\/consulta-online\/' class='avia-color-theme-color avia-font-color-theme-color avia-button avia-button-fullwidth av-b74in-fa94bb896f9dd3adc43cf3648c5f786a avia-icon_select-yes-left-icon avia-color-theme-color'  target=\"_blank\"  rel=\"noopener noreferrer\" ><span class='avia_button_icon avia_button_icon_left' aria-hidden='true' data-av_icon='\ue832' data-av_iconfont='entypo-fontello'><\/span><span class='avia_iconbox_title' >FALE CONOSCO AGORA<\/span><span class='avia_button_background avia-button avia-button-fullwidth avia-color-theme-color-highlight'><\/span><\/a><\/div>\n","protected":false},"excerpt":{"rendered":"<p>A aten\u00e7\u00e3o aos detalhes contratuais \u00e9 fundamental na identifica\u00e7\u00e3o de cl\u00e1usulas abusivas em contratos banc\u00e1rios, mormente relativas a revis\u00e3o de Juros e Taxas Banc\u00e1rias. Sob a orienta\u00e7\u00e3o do Dr. M\u00e1rio Tocchini Neto, que conta com mais de 20 anos de experi\u00eancia, somos capazes de identificar as nuances e v\u00edcios contratuais para nossos clientes, explicando suas [&hellip;]<\/p>\n","protected":false},"author":1,"featured_media":0,"parent":0,"menu_order":0,"comment_status":"closed","ping_status":"closed","template":"","meta":{"footnotes":""},"class_list":["post-335","page","type-page","status-publish","hentry"],"_links":{"self":[{"href":"https:\/\/tocchini.com.br\/index.php\/wp-json\/wp\/v2\/pages\/335","targetHints":{"allow":["GET"]}}],"collection":[{"href":"https:\/\/tocchini.com.br\/index.php\/wp-json\/wp\/v2\/pages"}],"about":[{"href":"https:\/\/tocchini.com.br\/index.php\/wp-json\/wp\/v2\/types\/page"}],"author":[{"embeddable":true,"href":"https:\/\/tocchini.com.br\/index.php\/wp-json\/wp\/v2\/users\/1"}],"replies":[{"embeddable":true,"href":"https:\/\/tocchini.com.br\/index.php\/wp-json\/wp\/v2\/comments?post=335"}],"version-history":[{"count":2,"href":"https:\/\/tocchini.com.br\/index.php\/wp-json\/wp\/v2\/pages\/335\/revisions"}],"predecessor-version":[{"id":994,"href":"https:\/\/tocchini.com.br\/index.php\/wp-json\/wp\/v2\/pages\/335\/revisions\/994"}],"wp:attachment":[{"href":"https:\/\/tocchini.com.br\/index.php\/wp-json\/wp\/v2\/media?parent=335"}],"curies":[{"name":"wp","href":"https:\/\/api.w.org\/{rel}","templated":true}]}}