{"id":326,"date":"2024-06-22T09:52:17","date_gmt":"2024-06-22T12:52:17","guid":{"rendered":"https:\/\/tocchini.com.br\/?page_id=326"},"modified":"2025-02-07T14:05:57","modified_gmt":"2025-02-07T17:05:57","slug":"acoes-de-consignacao-em-pagamentos","status":"publish","type":"page","link":"https:\/\/tocchini.com.br\/index.php\/acoes-de-consignacao-em-pagamentos\/","title":{"rendered":"A\u00c7\u00d5ES DE CONSIGNA\u00c7\u00c3O EM PAGAMENTOS"},"content":{"rendered":"<p><img loading=\"lazy\" decoding=\"async\" class=\"aligncenter size-full wp-image-327\" src=\"https:\/\/tocchini.com.br\/wp-content\/uploads\/2024\/06\/acoes-de-consignacao-em-pagamentos-tocchini.jpg\" alt=\"\" width=\"1500\" height=\"450\" srcset=\"https:\/\/tocchini.com.br\/wp-content\/uploads\/2024\/06\/acoes-de-consignacao-em-pagamentos-tocchini.jpg 1500w, https:\/\/tocchini.com.br\/wp-content\/uploads\/2024\/06\/acoes-de-consignacao-em-pagamentos-tocchini-300x90.jpg 300w, https:\/\/tocchini.com.br\/wp-content\/uploads\/2024\/06\/acoes-de-consignacao-em-pagamentos-tocchini-1030x309.jpg 1030w, https:\/\/tocchini.com.br\/wp-content\/uploads\/2024\/06\/acoes-de-consignacao-em-pagamentos-tocchini-768x230.jpg 768w, https:\/\/tocchini.com.br\/wp-content\/uploads\/2024\/06\/acoes-de-consignacao-em-pagamentos-tocchini-705x212.jpg 705w\" sizes=\"auto, (max-width: 1500px) 100vw, 1500px\" \/><\/p>\n<hr \/>\n<div align=\"justify\">\n<p><span style=\"font-weight: 400;\">As a\u00e7\u00f5es de consigna\u00e7\u00e3o em pagamento s\u00e3o uma ferramenta valiosa para resolver disputas sobre d\u00edvidas question\u00e1veis ou quando h\u00e1 recusa na aceita\u00e7\u00e3o do pagamento nas condi\u00e7\u00f5es devidas. A lideran\u00e7a do Dr. M\u00e1rio Tocchini Neto, nesses casos \u00e9 fundamental para solucionar os lit\u00edgios de forma eficiente e \u00e9tica.\u00a0<\/span><\/p>\n<\/div>\n<hr \/>\n<div  class='avia-button-wrap avia-button-center  avia-builder-el-0  avia-builder-el-no-sibling '>\n<style type=\"text\/css\" data-created_by=\"avia_inline_auto\" id=\"style-css-av-b74in-fa94bb896f9dd3adc43cf3648c5f786a\">\n#top #wrap_all .avia-button.av-b74in-fa94bb896f9dd3adc43cf3648c5f786a:hover{\ncolor:white;\ntransition:all 0.4s ease-in-out;\n}\n<\/style>\n<a href='https:\/\/tocchini.com.br\/index.php\/consulta-online\/' class='avia-color-theme-color avia-font-color-theme-color avia-button avia-button-fullwidth av-b74in-fa94bb896f9dd3adc43cf3648c5f786a avia-icon_select-yes-left-icon avia-color-theme-color'  target=\"_blank\"  rel=\"noopener noreferrer\" ><span class='avia_button_icon avia_button_icon_left' aria-hidden='true' data-av_icon='\ue832' data-av_iconfont='entypo-fontello'><\/span><span class='avia_iconbox_title' >FALE CONOSCO AGORA<\/span><span class='avia_button_background avia-button avia-button-fullwidth avia-color-theme-color-highlight'><\/span><\/a><\/div>\n","protected":false},"excerpt":{"rendered":"<p>As a\u00e7\u00f5es de consigna\u00e7\u00e3o em pagamento s\u00e3o uma ferramenta valiosa para resolver disputas sobre d\u00edvidas question\u00e1veis ou quando h\u00e1 recusa na aceita\u00e7\u00e3o do pagamento nas condi\u00e7\u00f5es devidas. A lideran\u00e7a do Dr. M\u00e1rio Tocchini Neto, nesses casos \u00e9 fundamental para solucionar os lit\u00edgios de forma eficiente e \u00e9tica.\u00a0<\/p>\n","protected":false},"author":1,"featured_media":0,"parent":0,"menu_order":0,"comment_status":"closed","ping_status":"closed","template":"","meta":{"footnotes":""},"class_list":["post-326","page","type-page","status-publish","hentry"],"_links":{"self":[{"href":"https:\/\/tocchini.com.br\/index.php\/wp-json\/wp\/v2\/pages\/326","targetHints":{"allow":["GET"]}}],"collection":[{"href":"https:\/\/tocchini.com.br\/index.php\/wp-json\/wp\/v2\/pages"}],"about":[{"href":"https:\/\/tocchini.com.br\/index.php\/wp-json\/wp\/v2\/types\/page"}],"author":[{"embeddable":true,"href":"https:\/\/tocchini.com.br\/index.php\/wp-json\/wp\/v2\/users\/1"}],"replies":[{"embeddable":true,"href":"https:\/\/tocchini.com.br\/index.php\/wp-json\/wp\/v2\/comments?post=326"}],"version-history":[{"count":2,"href":"https:\/\/tocchini.com.br\/index.php\/wp-json\/wp\/v2\/pages\/326\/revisions"}],"predecessor-version":[{"id":993,"href":"https:\/\/tocchini.com.br\/index.php\/wp-json\/wp\/v2\/pages\/326\/revisions\/993"}],"wp:attachment":[{"href":"https:\/\/tocchini.com.br\/index.php\/wp-json\/wp\/v2\/media?parent=326"}],"curies":[{"name":"wp","href":"https:\/\/api.w.org\/{rel}","templated":true}]}}