{"id":318,"date":"2024-06-22T09:44:52","date_gmt":"2024-06-22T12:44:52","guid":{"rendered":"https:\/\/tocchini.com.br\/?page_id=318"},"modified":"2025-02-07T14:04:27","modified_gmt":"2025-02-07T17:04:27","slug":"arevisao-de-contratos-bancarios-abusivos","status":"publish","type":"page","link":"https:\/\/tocchini.com.br\/index.php\/arevisao-de-contratos-bancarios-abusivos\/","title":{"rendered":"REVIS\u00c3O DE CONTRATOS BANC\u00c1RIOS ABUSIVOS"},"content":{"rendered":"<p><img loading=\"lazy\" decoding=\"async\" class=\"aligncenter size-full wp-image-319\" src=\"https:\/\/tocchini.com.br\/wp-content\/uploads\/2024\/06\/revisao-de-contratos-bancarios-abusivos-tocchini.jpg\" alt=\"\" width=\"1500\" height=\"450\" srcset=\"https:\/\/tocchini.com.br\/wp-content\/uploads\/2024\/06\/revisao-de-contratos-bancarios-abusivos-tocchini.jpg 1500w, https:\/\/tocchini.com.br\/wp-content\/uploads\/2024\/06\/revisao-de-contratos-bancarios-abusivos-tocchini-300x90.jpg 300w, https:\/\/tocchini.com.br\/wp-content\/uploads\/2024\/06\/revisao-de-contratos-bancarios-abusivos-tocchini-1030x309.jpg 1030w, https:\/\/tocchini.com.br\/wp-content\/uploads\/2024\/06\/revisao-de-contratos-bancarios-abusivos-tocchini-768x230.jpg 768w, https:\/\/tocchini.com.br\/wp-content\/uploads\/2024\/06\/revisao-de-contratos-bancarios-abusivos-tocchini-705x212.jpg 705w\" sizes=\"auto, (max-width: 1500px) 100vw, 1500px\" \/><\/p>\n<hr \/>\n<div align=\"justify\"><span style=\"font-weight: 400;\">Nossa capacidade de an\u00e1lise detalhada e conhecimento profundo em direito banc\u00e1rio nos permite identificar cl\u00e1usulas e condi\u00e7\u00f5es abusivas em contratos banc\u00e1rios, muitas vezes escondidas em letras pequenas. Utilizando da experi\u00eancia de mais de 18 anos de atua\u00e7\u00e3o, voc\u00ea orienta nossa equipe na elabora\u00e7\u00e3o de estrat\u00e9gias jur\u00eddicas que visam a anula\u00e7\u00e3o ou modifica\u00e7\u00e3o dessas cl\u00e1usulas, defendendo os direitos e interesses dos nossos clientes. Sua habilidade em comunica\u00e7\u00e3o \u00e9 essencial para explicar aos clientes, de maneira clara e acess\u00edvel, os aspectos t\u00e9cnicos dos contratos e as vias legais dispon\u00edveis para contest\u00e1-los, transmitindo confian\u00e7a e seguran\u00e7a em momentos de vulnerabilidade financeira.<\/span><\/div>\n<hr \/>\n<div  class='avia-button-wrap avia-button-center  avia-builder-el-0  avia-builder-el-no-sibling '>\n<style type=\"text\/css\" data-created_by=\"avia_inline_auto\" id=\"style-css-av-b74in-fa94bb896f9dd3adc43cf3648c5f786a\">\n#top #wrap_all .avia-button.av-b74in-fa94bb896f9dd3adc43cf3648c5f786a:hover{\ncolor:white;\ntransition:all 0.4s ease-in-out;\n}\n<\/style>\n<a href='https:\/\/tocchini.com.br\/index.php\/consulta-online\/' class='avia-color-theme-color avia-font-color-theme-color avia-button avia-button-fullwidth av-b74in-fa94bb896f9dd3adc43cf3648c5f786a avia-icon_select-yes-left-icon avia-color-theme-color'  target=\"_blank\"  rel=\"noopener noreferrer\" ><span class='avia_button_icon avia_button_icon_left' aria-hidden='true' data-av_icon='\ue832' data-av_iconfont='entypo-fontello'><\/span><span class='avia_iconbox_title' >FALE CONOSCO AGORA<\/span><span class='avia_button_background avia-button avia-button-fullwidth avia-color-theme-color-highlight'><\/span><\/a><\/div>\n","protected":false},"excerpt":{"rendered":"<p>Nossa capacidade de an\u00e1lise detalhada e conhecimento profundo em direito banc\u00e1rio nos permite identificar cl\u00e1usulas e condi\u00e7\u00f5es abusivas em contratos banc\u00e1rios, muitas vezes escondidas em letras pequenas. Utilizando da experi\u00eancia de mais de 18 anos de atua\u00e7\u00e3o, voc\u00ea orienta nossa equipe na elabora\u00e7\u00e3o de estrat\u00e9gias jur\u00eddicas que visam a anula\u00e7\u00e3o ou modifica\u00e7\u00e3o dessas cl\u00e1usulas, defendendo [&hellip;]<\/p>\n","protected":false},"author":1,"featured_media":0,"parent":0,"menu_order":0,"comment_status":"closed","ping_status":"closed","template":"","meta":{"footnotes":""},"class_list":["post-318","page","type-page","status-publish","hentry"],"_links":{"self":[{"href":"https:\/\/tocchini.com.br\/index.php\/wp-json\/wp\/v2\/pages\/318","targetHints":{"allow":["GET"]}}],"collection":[{"href":"https:\/\/tocchini.com.br\/index.php\/wp-json\/wp\/v2\/pages"}],"about":[{"href":"https:\/\/tocchini.com.br\/index.php\/wp-json\/wp\/v2\/types\/page"}],"author":[{"embeddable":true,"href":"https:\/\/tocchini.com.br\/index.php\/wp-json\/wp\/v2\/users\/1"}],"replies":[{"embeddable":true,"href":"https:\/\/tocchini.com.br\/index.php\/wp-json\/wp\/v2\/comments?post=318"}],"version-history":[{"count":3,"href":"https:\/\/tocchini.com.br\/index.php\/wp-json\/wp\/v2\/pages\/318\/revisions"}],"predecessor-version":[{"id":991,"href":"https:\/\/tocchini.com.br\/index.php\/wp-json\/wp\/v2\/pages\/318\/revisions\/991"}],"wp:attachment":[{"href":"https:\/\/tocchini.com.br\/index.php\/wp-json\/wp\/v2\/media?parent=318"}],"curies":[{"name":"wp","href":"https:\/\/api.w.org\/{rel}","templated":true}]}}