{"id":305,"date":"2024-06-17T10:27:46","date_gmt":"2024-06-17T13:27:46","guid":{"rendered":"https:\/\/tocchini.com.br\/?page_id=305"},"modified":"2024-06-17T10:34:37","modified_gmt":"2024-06-17T13:34:37","slug":"assessoria-juridica-em-questoes-de-consumo","status":"publish","type":"page","link":"https:\/\/tocchini.com.br\/index.php\/assessoria-juridica-em-questoes-de-consumo\/","title":{"rendered":"ASSESSORIA JUR\u00cdDICA EM QUEST\u00d5ES DE CONSUMO"},"content":{"rendered":"<p><img loading=\"lazy\" decoding=\"async\" src=\"https:\/\/tocchini.com.br\/wp-content\/uploads\/2024\/06\/assessoria-juridica-em-questoes-de-consumo.jpg\" alt=\"\" width=\"1500\" height=\"450\" class=\"aligncenter size-full wp-image-306\" srcset=\"https:\/\/tocchini.com.br\/wp-content\/uploads\/2024\/06\/assessoria-juridica-em-questoes-de-consumo.jpg 1500w, https:\/\/tocchini.com.br\/wp-content\/uploads\/2024\/06\/assessoria-juridica-em-questoes-de-consumo-300x90.jpg 300w, https:\/\/tocchini.com.br\/wp-content\/uploads\/2024\/06\/assessoria-juridica-em-questoes-de-consumo-1030x309.jpg 1030w, https:\/\/tocchini.com.br\/wp-content\/uploads\/2024\/06\/assessoria-juridica-em-questoes-de-consumo-768x230.jpg 768w, https:\/\/tocchini.com.br\/wp-content\/uploads\/2024\/06\/assessoria-juridica-em-questoes-de-consumo-705x212.jpg 705w\" sizes=\"auto, (max-width: 1500px) 100vw, 1500px\" \/><\/p>\n<hr \/>\n<div align=\"justify\">Nossa assessoria jur\u00eddica em quest\u00f5es de consumo beneficia-se imensamente do conhecimento abrangente e da capacidade de aplicar uma vis\u00e3o ampla a cada caso. Oferecemos consultoria preventiva para evitar lit\u00edgios, al\u00e9m de representa\u00e7\u00e3o legal assertiva quando os direitos dos consumidores s\u00e3o violados. Sua experi\u00eancia nos permite identificar rapidamente a melhor estrat\u00e9gia para cada situa\u00e7\u00e3o, seja na negocia\u00e7\u00e3o direta com fornecedores, seja na defesa dos interesses dos consumidores em ju\u00edzo. Al\u00e9m disso, sua habilidade em transmitir confian\u00e7a e em se comunicar de forma acess\u00edvel garante que nossos clientes estejam sempre bem informados sobre o progresso de seus casos e sobre as melhores pr\u00e1ticas de consumo.<\/div>\n<hr \/>\n<div  class='avia-button-wrap avia-button-center  avia-builder-el-0  avia-builder-el-no-sibling '>\n<style type=\"text\/css\" data-created_by=\"avia_inline_auto\" id=\"style-css-av-b74in-fa94bb896f9dd3adc43cf3648c5f786a\">\n#top #wrap_all .avia-button.av-b74in-fa94bb896f9dd3adc43cf3648c5f786a:hover{\ncolor:white;\ntransition:all 0.4s ease-in-out;\n}\n<\/style>\n<a href='https:\/\/tocchini.com.br\/index.php\/consulta-online\/' class='avia-color-theme-color avia-font-color-theme-color avia-button avia-button-fullwidth av-b74in-fa94bb896f9dd3adc43cf3648c5f786a avia-icon_select-yes-left-icon avia-color-theme-color'  target=\"_blank\"  rel=\"noopener noreferrer\" ><span class='avia_button_icon avia_button_icon_left' aria-hidden='true' data-av_icon='\ue832' data-av_iconfont='entypo-fontello'><\/span><span class='avia_iconbox_title' >FALE CONOSCO AGORA<\/span><span class='avia_button_background avia-button avia-button-fullwidth avia-color-theme-color-highlight'><\/span><\/a><\/div>\n","protected":false},"excerpt":{"rendered":"<p>Nossa assessoria jur\u00eddica em quest\u00f5es de consumo beneficia-se imensamente do conhecimento abrangente e da capacidade de aplicar uma vis\u00e3o ampla a cada caso. Oferecemos consultoria preventiva para evitar lit\u00edgios, al\u00e9m de representa\u00e7\u00e3o legal assertiva quando os direitos dos consumidores s\u00e3o violados. Sua experi\u00eancia nos permite identificar rapidamente a melhor estrat\u00e9gia para cada situa\u00e7\u00e3o, seja na [&hellip;]<\/p>\n","protected":false},"author":1,"featured_media":0,"parent":0,"menu_order":0,"comment_status":"closed","ping_status":"closed","template":"","meta":{"footnotes":""},"class_list":["post-305","page","type-page","status-publish","hentry"],"_links":{"self":[{"href":"https:\/\/tocchini.com.br\/index.php\/wp-json\/wp\/v2\/pages\/305","targetHints":{"allow":["GET"]}}],"collection":[{"href":"https:\/\/tocchini.com.br\/index.php\/wp-json\/wp\/v2\/pages"}],"about":[{"href":"https:\/\/tocchini.com.br\/index.php\/wp-json\/wp\/v2\/types\/page"}],"author":[{"embeddable":true,"href":"https:\/\/tocchini.com.br\/index.php\/wp-json\/wp\/v2\/users\/1"}],"replies":[{"embeddable":true,"href":"https:\/\/tocchini.com.br\/index.php\/wp-json\/wp\/v2\/comments?post=305"}],"version-history":[{"count":1,"href":"https:\/\/tocchini.com.br\/index.php\/wp-json\/wp\/v2\/pages\/305\/revisions"}],"predecessor-version":[{"id":307,"href":"https:\/\/tocchini.com.br\/index.php\/wp-json\/wp\/v2\/pages\/305\/revisions\/307"}],"wp:attachment":[{"href":"https:\/\/tocchini.com.br\/index.php\/wp-json\/wp\/v2\/media?parent=305"}],"curies":[{"name":"wp","href":"https:\/\/api.w.org\/{rel}","templated":true}]}}