{"id":301,"date":"2024-06-17T09:54:02","date_gmt":"2024-06-17T12:54:02","guid":{"rendered":"https:\/\/tocchini.com.br\/?page_id=301"},"modified":"2025-02-11T10:27:29","modified_gmt":"2025-02-11T13:27:29","slug":"compromisso-com-a-justica-e-a-excelencia","status":"publish","type":"page","link":"https:\/\/tocchini.com.br\/index.php\/compromisso-com-a-justica-e-a-excelencia\/","title":{"rendered":"COMPROMISSO COM A JUSTI\u00c7A E A EXCEL\u00caNCIA"},"content":{"rendered":"<p><img loading=\"lazy\" decoding=\"async\" class=\"aligncenter size-full wp-image-302\" src=\"https:\/\/tocchini.com.br\/wp-content\/uploads\/2024\/06\/compromisso-justica-e-excelencia-tocchini.jpg\" alt=\"\" width=\"1500\" height=\"450\" srcset=\"https:\/\/tocchini.com.br\/wp-content\/uploads\/2024\/06\/compromisso-justica-e-excelencia-tocchini.jpg 1500w, https:\/\/tocchini.com.br\/wp-content\/uploads\/2024\/06\/compromisso-justica-e-excelencia-tocchini-300x90.jpg 300w, https:\/\/tocchini.com.br\/wp-content\/uploads\/2024\/06\/compromisso-justica-e-excelencia-tocchini-1030x309.jpg 1030w, https:\/\/tocchini.com.br\/wp-content\/uploads\/2024\/06\/compromisso-justica-e-excelencia-tocchini-768x230.jpg 768w, https:\/\/tocchini.com.br\/wp-content\/uploads\/2024\/06\/compromisso-justica-e-excelencia-tocchini-705x212.jpg 705w\" sizes=\"auto, (max-width: 1500px) 100vw, 1500px\" \/><\/p>\n<hr \/>\n<div align=\"justify\">\n<p><span style=\"font-weight: 400;\">Nosso compromisso vai al\u00e9m da simples representa\u00e7\u00e3o legal; buscamos ativamente a justi\u00e7a para nossos clientes, assegurando que seus direitos sejam plenamente reconhecidos e respeitados. Com uma equipe de advogados altamente qualificados e dedicados, nosso escrit\u00f3rio oferece uma consultoria jur\u00eddica personalizada, transparente e efetiva, assegurando n\u00e3o apenas a solu\u00e7\u00e3o dos casos, mas tamb\u00e9m a preven\u00e7\u00e3o de futuros problemas.<\/span><\/p>\n<\/div>\n<hr \/>\n<div  class='avia-button-wrap avia-button-center  avia-builder-el-0  avia-builder-el-no-sibling '>\n<style type=\"text\/css\" data-created_by=\"avia_inline_auto\" id=\"style-css-av-b74in-fa94bb896f9dd3adc43cf3648c5f786a\">\n#top #wrap_all .avia-button.av-b74in-fa94bb896f9dd3adc43cf3648c5f786a:hover{\ncolor:white;\ntransition:all 0.4s ease-in-out;\n}\n<\/style>\n<a href='https:\/\/tocchini.com.br\/index.php\/consulta-online\/' class='avia-color-theme-color avia-font-color-theme-color avia-button avia-button-fullwidth av-b74in-fa94bb896f9dd3adc43cf3648c5f786a avia-icon_select-yes-left-icon avia-color-theme-color'  target=\"_blank\"  rel=\"noopener noreferrer\" ><span class='avia_button_icon avia_button_icon_left' aria-hidden='true' data-av_icon='\ue832' data-av_iconfont='entypo-fontello'><\/span><span class='avia_iconbox_title' >FALE CONOSCO AGORA<\/span><span class='avia_button_background avia-button avia-button-fullwidth avia-color-theme-color-highlight'><\/span><\/a><\/div>\n","protected":false},"excerpt":{"rendered":"<p>Nosso compromisso vai al\u00e9m da simples representa\u00e7\u00e3o legal; buscamos ativamente a justi\u00e7a para nossos clientes, assegurando que seus direitos sejam plenamente reconhecidos e respeitados. Com uma equipe de advogados altamente qualificados e dedicados, nosso escrit\u00f3rio oferece uma consultoria jur\u00eddica personalizada, transparente e efetiva, assegurando n\u00e3o apenas a solu\u00e7\u00e3o dos casos, mas tamb\u00e9m a preven\u00e7\u00e3o de [&hellip;]<\/p>\n","protected":false},"author":1,"featured_media":0,"parent":0,"menu_order":0,"comment_status":"closed","ping_status":"closed","template":"","meta":{"footnotes":""},"class_list":["post-301","page","type-page","status-publish","hentry"],"_links":{"self":[{"href":"https:\/\/tocchini.com.br\/index.php\/wp-json\/wp\/v2\/pages\/301","targetHints":{"allow":["GET"]}}],"collection":[{"href":"https:\/\/tocchini.com.br\/index.php\/wp-json\/wp\/v2\/pages"}],"about":[{"href":"https:\/\/tocchini.com.br\/index.php\/wp-json\/wp\/v2\/types\/page"}],"author":[{"embeddable":true,"href":"https:\/\/tocchini.com.br\/index.php\/wp-json\/wp\/v2\/users\/1"}],"replies":[{"embeddable":true,"href":"https:\/\/tocchini.com.br\/index.php\/wp-json\/wp\/v2\/comments?post=301"}],"version-history":[{"count":3,"href":"https:\/\/tocchini.com.br\/index.php\/wp-json\/wp\/v2\/pages\/301\/revisions"}],"predecessor-version":[{"id":990,"href":"https:\/\/tocchini.com.br\/index.php\/wp-json\/wp\/v2\/pages\/301\/revisions\/990"}],"wp:attachment":[{"href":"https:\/\/tocchini.com.br\/index.php\/wp-json\/wp\/v2\/media?parent=301"}],"curies":[{"name":"wp","href":"https:\/\/api.w.org\/{rel}","templated":true}]}}