{"id":289,"date":"2024-06-13T15:51:51","date_gmt":"2024-06-13T18:51:51","guid":{"rendered":"https:\/\/tocchini.com.br\/?page_id=289"},"modified":"2024-06-13T15:51:51","modified_gmt":"2024-06-13T18:51:51","slug":"defeitos-e-vicios-em-produtos-e-servicos","status":"publish","type":"page","link":"https:\/\/tocchini.com.br\/index.php\/defeitos-e-vicios-em-produtos-e-servicos\/","title":{"rendered":"DEFEITOS E V\u00cdCIOS EM PRODUTOS E SERVI\u00c7OS"},"content":{"rendered":"<p><img loading=\"lazy\" decoding=\"async\" src=\"https:\/\/tocchini.com.br\/wp-content\/uploads\/2024\/06\/defeitos-e-vicios-em-produtos-e-servicos.jpg\" alt=\"\" width=\"1500\" height=\"450\" class=\"aligncenter size-full wp-image-290\" srcset=\"https:\/\/tocchini.com.br\/wp-content\/uploads\/2024\/06\/defeitos-e-vicios-em-produtos-e-servicos.jpg 1500w, https:\/\/tocchini.com.br\/wp-content\/uploads\/2024\/06\/defeitos-e-vicios-em-produtos-e-servicos-300x90.jpg 300w, https:\/\/tocchini.com.br\/wp-content\/uploads\/2024\/06\/defeitos-e-vicios-em-produtos-e-servicos-1030x309.jpg 1030w, https:\/\/tocchini.com.br\/wp-content\/uploads\/2024\/06\/defeitos-e-vicios-em-produtos-e-servicos-768x230.jpg 768w, https:\/\/tocchini.com.br\/wp-content\/uploads\/2024\/06\/defeitos-e-vicios-em-produtos-e-servicos-705x212.jpg 705w\" sizes=\"auto, (max-width: 1500px) 100vw, 1500px\" \/><\/p>\n<hr \/>\n<div align=\"justify\">Nos casos de defeitos ou v\u00edcios em produtos e servi\u00e7os, atuamos de maneira incisiva para proteger os direitos do consumidor, buscando repara\u00e7\u00e3o ou compensa\u00e7\u00e3o adequada. Nossa equipe tem vasta experi\u00eancia na an\u00e1lise de contratos de compra, garantias e na legisla\u00e7\u00e3o consumerista aplic\u00e1vel, o que nos permite conduzir com sucesso a\u00e7\u00f5es de indeniza\u00e7\u00e3o e obrigar fornecedores a cumprir com suas responsabilidades legais.<\/div>\n<hr \/>\n<div  class='avia-button-wrap avia-button-center  avia-builder-el-0  avia-builder-el-no-sibling '>\n<style type=\"text\/css\" data-created_by=\"avia_inline_auto\" id=\"style-css-av-b74in-fa94bb896f9dd3adc43cf3648c5f786a\">\n#top #wrap_all .avia-button.av-b74in-fa94bb896f9dd3adc43cf3648c5f786a:hover{\ncolor:white;\ntransition:all 0.4s ease-in-out;\n}\n<\/style>\n<a href='https:\/\/tocchini.com.br\/index.php\/consulta-online\/' class='avia-color-theme-color avia-font-color-theme-color avia-button avia-button-fullwidth av-b74in-fa94bb896f9dd3adc43cf3648c5f786a avia-icon_select-yes-left-icon avia-color-theme-color'  target=\"_blank\"  rel=\"noopener noreferrer\" ><span class='avia_button_icon avia_button_icon_left' aria-hidden='true' data-av_icon='\ue832' data-av_iconfont='entypo-fontello'><\/span><span class='avia_iconbox_title' >FALE CONOSCO AGORA<\/span><span class='avia_button_background avia-button avia-button-fullwidth avia-color-theme-color-highlight'><\/span><\/a><\/div>\n","protected":false},"excerpt":{"rendered":"<p>Nos casos de defeitos ou v\u00edcios em produtos e servi\u00e7os, atuamos de maneira incisiva para proteger os direitos do consumidor, buscando repara\u00e7\u00e3o ou compensa\u00e7\u00e3o adequada. Nossa equipe tem vasta experi\u00eancia na an\u00e1lise de contratos de compra, garantias e na legisla\u00e7\u00e3o consumerista aplic\u00e1vel, o que nos permite conduzir com sucesso a\u00e7\u00f5es de indeniza\u00e7\u00e3o e obrigar fornecedores [&hellip;]<\/p>\n","protected":false},"author":1,"featured_media":0,"parent":0,"menu_order":0,"comment_status":"closed","ping_status":"closed","template":"","meta":{"footnotes":""},"class_list":["post-289","page","type-page","status-publish","hentry"],"_links":{"self":[{"href":"https:\/\/tocchini.com.br\/index.php\/wp-json\/wp\/v2\/pages\/289","targetHints":{"allow":["GET"]}}],"collection":[{"href":"https:\/\/tocchini.com.br\/index.php\/wp-json\/wp\/v2\/pages"}],"about":[{"href":"https:\/\/tocchini.com.br\/index.php\/wp-json\/wp\/v2\/types\/page"}],"author":[{"embeddable":true,"href":"https:\/\/tocchini.com.br\/index.php\/wp-json\/wp\/v2\/users\/1"}],"replies":[{"embeddable":true,"href":"https:\/\/tocchini.com.br\/index.php\/wp-json\/wp\/v2\/comments?post=289"}],"version-history":[{"count":1,"href":"https:\/\/tocchini.com.br\/index.php\/wp-json\/wp\/v2\/pages\/289\/revisions"}],"predecessor-version":[{"id":291,"href":"https:\/\/tocchini.com.br\/index.php\/wp-json\/wp\/v2\/pages\/289\/revisions\/291"}],"wp:attachment":[{"href":"https:\/\/tocchini.com.br\/index.php\/wp-json\/wp\/v2\/media?parent=289"}],"curies":[{"name":"wp","href":"https:\/\/api.w.org\/{rel}","templated":true}]}}