{"id":282,"date":"2024-06-13T15:41:57","date_gmt":"2024-06-13T18:41:57","guid":{"rendered":"https:\/\/tocchini.com.br\/?page_id=282"},"modified":"2025-02-11T10:30:06","modified_gmt":"2025-02-11T13:30:06","slug":"atraso-de-voo","status":"publish","type":"page","link":"https:\/\/tocchini.com.br\/index.php\/atraso-de-voo\/","title":{"rendered":"ATRASO E CANCELAMENTO DE VOO"},"content":{"rendered":"<p><img loading=\"lazy\" decoding=\"async\" class=\"alignleft wp-image-1034 size-full\" src=\"https:\/\/tocchini.com.br\/wp-content\/uploads\/2025\/02\/atraso-e-cancelamento-de-voo-tocchini-advogados-campinas.jpg\" alt=\"\" width=\"1500\" height=\"450\" srcset=\"https:\/\/tocchini.com.br\/wp-content\/uploads\/2025\/02\/atraso-e-cancelamento-de-voo-tocchini-advogados-campinas.jpg 1500w, https:\/\/tocchini.com.br\/wp-content\/uploads\/2025\/02\/atraso-e-cancelamento-de-voo-tocchini-advogados-campinas-300x90.jpg 300w, https:\/\/tocchini.com.br\/wp-content\/uploads\/2025\/02\/atraso-e-cancelamento-de-voo-tocchini-advogados-campinas-1030x309.jpg 1030w, https:\/\/tocchini.com.br\/wp-content\/uploads\/2025\/02\/atraso-e-cancelamento-de-voo-tocchini-advogados-campinas-768x230.jpg 768w, https:\/\/tocchini.com.br\/wp-content\/uploads\/2025\/02\/atraso-e-cancelamento-de-voo-tocchini-advogados-campinas-705x212.jpg 705w\" sizes=\"auto, (max-width: 1500px) 100vw, 1500px\" \/><\/p>\n<hr \/>\n<div align=\"justify\"><span style=\"font-weight: 400;\">Sendo uma das a\u00e7\u00f5es mais corriqueiras, r\u00e1pidas e bem sucedidas de nosso escrit\u00f3rio, as indenizat\u00f3rias em casos de atraso e cancelamento de voo t\u00eam destaque em nosso portf\u00f3lio. Nossa abordagem r\u00e1pida e eficiente \u00e9 um dos componentes para a viabiliza\u00e7\u00e3o do trabalho ocorrer exclusivamente \u201cad exitum\u201d.<\/span><\/div>\n<hr \/>\n<div  class='avia-button-wrap avia-button-center  avia-builder-el-0  avia-builder-el-no-sibling '>\n<style type=\"text\/css\" data-created_by=\"avia_inline_auto\" id=\"style-css-av-b74in-fa94bb896f9dd3adc43cf3648c5f786a\">\n#top #wrap_all .avia-button.av-b74in-fa94bb896f9dd3adc43cf3648c5f786a:hover{\ncolor:white;\ntransition:all 0.4s ease-in-out;\n}\n<\/style>\n<a href='https:\/\/tocchini.com.br\/index.php\/consulta-online\/' class='avia-color-theme-color avia-font-color-theme-color avia-button avia-button-fullwidth av-b74in-fa94bb896f9dd3adc43cf3648c5f786a avia-icon_select-yes-left-icon avia-color-theme-color'  target=\"_blank\"  rel=\"noopener noreferrer\" ><span class='avia_button_icon avia_button_icon_left' aria-hidden='true' data-av_icon='\ue832' data-av_iconfont='entypo-fontello'><\/span><span class='avia_iconbox_title' >FALE CONOSCO AGORA<\/span><span class='avia_button_background avia-button avia-button-fullwidth avia-color-theme-color-highlight'><\/span><\/a><\/div>\n","protected":false},"excerpt":{"rendered":"<p>Sendo uma das a\u00e7\u00f5es mais corriqueiras, r\u00e1pidas e bem sucedidas de nosso escrit\u00f3rio, as indenizat\u00f3rias em casos de atraso e cancelamento de voo t\u00eam destaque em nosso portf\u00f3lio. Nossa abordagem r\u00e1pida e eficiente \u00e9 um dos componentes para a viabiliza\u00e7\u00e3o do trabalho ocorrer exclusivamente \u201cad exitum\u201d.<\/p>\n","protected":false},"author":1,"featured_media":0,"parent":0,"menu_order":0,"comment_status":"closed","ping_status":"closed","template":"","meta":{"footnotes":""},"class_list":["post-282","page","type-page","status-publish","hentry"],"_links":{"self":[{"href":"https:\/\/tocchini.com.br\/index.php\/wp-json\/wp\/v2\/pages\/282","targetHints":{"allow":["GET"]}}],"collection":[{"href":"https:\/\/tocchini.com.br\/index.php\/wp-json\/wp\/v2\/pages"}],"about":[{"href":"https:\/\/tocchini.com.br\/index.php\/wp-json\/wp\/v2\/types\/page"}],"author":[{"embeddable":true,"href":"https:\/\/tocchini.com.br\/index.php\/wp-json\/wp\/v2\/users\/1"}],"replies":[{"embeddable":true,"href":"https:\/\/tocchini.com.br\/index.php\/wp-json\/wp\/v2\/comments?post=282"}],"version-history":[{"count":4,"href":"https:\/\/tocchini.com.br\/index.php\/wp-json\/wp\/v2\/pages\/282\/revisions"}],"predecessor-version":[{"id":1035,"href":"https:\/\/tocchini.com.br\/index.php\/wp-json\/wp\/v2\/pages\/282\/revisions\/1035"}],"wp:attachment":[{"href":"https:\/\/tocchini.com.br\/index.php\/wp-json\/wp\/v2\/media?parent=282"}],"curies":[{"name":"wp","href":"https:\/\/api.w.org\/{rel}","templated":true}]}}