{"id":267,"date":"2024-06-13T15:30:09","date_gmt":"2024-06-13T18:30:09","guid":{"rendered":"https:\/\/tocchini.com.br\/?page_id=267"},"modified":"2025-02-07T13:48:43","modified_gmt":"2025-02-07T16:48:43","slug":"acoes-de-indenizacao-por-danos-materiais-e-morais","status":"publish","type":"page","link":"https:\/\/tocchini.com.br\/index.php\/acoes-de-indenizacao-por-danos-materiais-e-morais\/","title":{"rendered":"A\u00c7\u00d5ES DE INDENIZA\u00c7\u00c3O POR DANOS MATERIAIS E MORAIS"},"content":{"rendered":"<p style=\"text-align: center;\"><img loading=\"lazy\" decoding=\"async\" class=\"aligncenter size-full wp-image-268\" src=\"https:\/\/tocchini.com.br\/wp-content\/uploads\/2024\/06\/acoes-de-indenizacao-de-danos-materiais-e-morais.jpg\" alt=\"\" width=\"1500\" height=\"450\" srcset=\"https:\/\/tocchini.com.br\/wp-content\/uploads\/2024\/06\/acoes-de-indenizacao-de-danos-materiais-e-morais.jpg 1500w, https:\/\/tocchini.com.br\/wp-content\/uploads\/2024\/06\/acoes-de-indenizacao-de-danos-materiais-e-morais-300x90.jpg 300w, https:\/\/tocchini.com.br\/wp-content\/uploads\/2024\/06\/acoes-de-indenizacao-de-danos-materiais-e-morais-1030x309.jpg 1030w, https:\/\/tocchini.com.br\/wp-content\/uploads\/2024\/06\/acoes-de-indenizacao-de-danos-materiais-e-morais-768x230.jpg 768w, https:\/\/tocchini.com.br\/wp-content\/uploads\/2024\/06\/acoes-de-indenizacao-de-danos-materiais-e-morais-705x212.jpg 705w\" sizes=\"auto, (max-width: 1500px) 100vw, 1500px\" \/><\/p>\n<hr \/>\n<div align=\"justify\">\n<p><span style=\"font-weight: 400;\">Nossa experi\u00eancia de mais de 18 anos trabalhando com os mais diversos casos de a\u00e7\u00f5es indenizat\u00f3rias \u00e9 fundamental para correta elabora\u00e7\u00e3o e condu\u00e7\u00e3o do processo. Nosso escrit\u00f3rio, sob a lideran\u00e7a do Dr. M\u00e1rio Tocchini Neto, tem um hist\u00f3rico comprovado de sucesso em obter veredictos favor\u00e1veis e acordos significativos que refletem o verdadeiro impacto dos danos sofridos pelos consumidores.<\/span><\/p>\n<\/div>\n<hr \/>\n<div  class='avia-button-wrap avia-button-center  avia-builder-el-0  avia-builder-el-no-sibling '>\n<style type=\"text\/css\" data-created_by=\"avia_inline_auto\" id=\"style-css-av-b74in-fa94bb896f9dd3adc43cf3648c5f786a\">\n#top #wrap_all .avia-button.av-b74in-fa94bb896f9dd3adc43cf3648c5f786a:hover{\ncolor:white;\ntransition:all 0.4s ease-in-out;\n}\n<\/style>\n<a href='https:\/\/tocchini.com.br\/index.php\/consulta-online\/' class='avia-color-theme-color avia-font-color-theme-color avia-button avia-button-fullwidth av-b74in-fa94bb896f9dd3adc43cf3648c5f786a avia-icon_select-yes-left-icon avia-color-theme-color'  target=\"_blank\"  rel=\"noopener noreferrer\" ><span class='avia_button_icon avia_button_icon_left' aria-hidden='true' data-av_icon='\ue832' data-av_iconfont='entypo-fontello'><\/span><span class='avia_iconbox_title' >FALE CONOSCO AGORA<\/span><span class='avia_button_background avia-button avia-button-fullwidth avia-color-theme-color-highlight'><\/span><\/a><\/div>\n","protected":false},"excerpt":{"rendered":"<p>Nossa experi\u00eancia de mais de 18 anos trabalhando com os mais diversos casos de a\u00e7\u00f5es indenizat\u00f3rias \u00e9 fundamental para correta elabora\u00e7\u00e3o e condu\u00e7\u00e3o do processo. Nosso escrit\u00f3rio, sob a lideran\u00e7a do Dr. M\u00e1rio Tocchini Neto, tem um hist\u00f3rico comprovado de sucesso em obter veredictos favor\u00e1veis e acordos significativos que refletem o verdadeiro impacto dos danos [&hellip;]<\/p>\n","protected":false},"author":1,"featured_media":0,"parent":0,"menu_order":0,"comment_status":"closed","ping_status":"closed","template":"","meta":{"footnotes":""},"class_list":["post-267","page","type-page","status-publish","hentry"],"_links":{"self":[{"href":"https:\/\/tocchini.com.br\/index.php\/wp-json\/wp\/v2\/pages\/267","targetHints":{"allow":["GET"]}}],"collection":[{"href":"https:\/\/tocchini.com.br\/index.php\/wp-json\/wp\/v2\/pages"}],"about":[{"href":"https:\/\/tocchini.com.br\/index.php\/wp-json\/wp\/v2\/types\/page"}],"author":[{"embeddable":true,"href":"https:\/\/tocchini.com.br\/index.php\/wp-json\/wp\/v2\/users\/1"}],"replies":[{"embeddable":true,"href":"https:\/\/tocchini.com.br\/index.php\/wp-json\/wp\/v2\/comments?post=267"}],"version-history":[{"count":4,"href":"https:\/\/tocchini.com.br\/index.php\/wp-json\/wp\/v2\/pages\/267\/revisions"}],"predecessor-version":[{"id":988,"href":"https:\/\/tocchini.com.br\/index.php\/wp-json\/wp\/v2\/pages\/267\/revisions\/988"}],"wp:attachment":[{"href":"https:\/\/tocchini.com.br\/index.php\/wp-json\/wp\/v2\/media?parent=267"}],"curies":[{"name":"wp","href":"https:\/\/api.w.org\/{rel}","templated":true}]}}