{"id":261,"date":"2024-06-13T15:23:56","date_gmt":"2024-06-13T18:23:56","guid":{"rendered":"https:\/\/tocchini.com.br\/?page_id=261"},"modified":"2024-06-13T15:27:04","modified_gmt":"2024-06-13T18:27:04","slug":"defessa-do-consumidor-em-compras-online-e-servicos-prestados","status":"publish","type":"page","link":"https:\/\/tocchini.com.br\/index.php\/defessa-do-consumidor-em-compras-online-e-servicos-prestados\/","title":{"rendered":"DEFESA DO CONSUMIDOR EM COMPRAS ONLINE E SERVI\u00c7OS PRESTADOS"},"content":{"rendered":"<p style=\"text-align: center;\"><img loading=\"lazy\" decoding=\"async\" class=\"aligncenter wp-image-265 size-full\" src=\"https:\/\/tocchini.com.br\/wp-content\/uploads\/2024\/06\/defesa-do-consumidor-compras-online-e-servicos-prestados.jpg\" alt=\"\" width=\"1500\" height=\"450\" srcset=\"https:\/\/tocchini.com.br\/wp-content\/uploads\/2024\/06\/defesa-do-consumidor-compras-online-e-servicos-prestados.jpg 1500w, https:\/\/tocchini.com.br\/wp-content\/uploads\/2024\/06\/defesa-do-consumidor-compras-online-e-servicos-prestados-300x90.jpg 300w, https:\/\/tocchini.com.br\/wp-content\/uploads\/2024\/06\/defesa-do-consumidor-compras-online-e-servicos-prestados-1030x309.jpg 1030w, https:\/\/tocchini.com.br\/wp-content\/uploads\/2024\/06\/defesa-do-consumidor-compras-online-e-servicos-prestados-768x230.jpg 768w, https:\/\/tocchini.com.br\/wp-content\/uploads\/2024\/06\/defesa-do-consumidor-compras-online-e-servicos-prestados-705x212.jpg 705w\" sizes=\"auto, (max-width: 1500px) 100vw, 1500px\" \/><\/p>\n<hr \/>\n<div align=\"justify\">Na era digital, a defesa dos direitos do consumidor em compras online se tornou uma \u00e1rea de atua\u00e7\u00e3o crucial. Sua capacidade de entender as nuances das transa\u00e7\u00f5es digitais, combinada com sua habilidade de se comunicar de maneira clara e eficaz, nos permite orientar os consumidores sobre seus direitos e as melhores formas de proteg\u00ea-los. Nosso escrit\u00f3rio atua na vanguarda da defesa do consumidor, lidando com quest\u00f5es que v\u00e3o desde publicidade enganosa at\u00e9 problemas com a qualidade e entrega de produtos e servi\u00e7os. Seja negociando solu\u00e7\u00f5es amig\u00e1veis ou representando os clientes em processos judiciais, sua experi\u00eancia garante que os direitos dos consumidores sejam sempre a prioridade.<\/div>\n<hr \/>\n<div  class='avia-button-wrap avia-button-center  avia-builder-el-0  avia-builder-el-no-sibling '>\n<style type=\"text\/css\" data-created_by=\"avia_inline_auto\" id=\"style-css-av-b74in-fa94bb896f9dd3adc43cf3648c5f786a\">\n#top #wrap_all .avia-button.av-b74in-fa94bb896f9dd3adc43cf3648c5f786a:hover{\ncolor:white;\ntransition:all 0.4s ease-in-out;\n}\n<\/style>\n<a href='https:\/\/tocchini.com.br\/index.php\/consulta-online\/' class='avia-color-theme-color avia-font-color-theme-color avia-button avia-button-fullwidth av-b74in-fa94bb896f9dd3adc43cf3648c5f786a avia-icon_select-yes-left-icon avia-color-theme-color'  target=\"_blank\"  rel=\"noopener noreferrer\" ><span class='avia_button_icon avia_button_icon_left' aria-hidden='true' data-av_icon='\ue832' data-av_iconfont='entypo-fontello'><\/span><span class='avia_iconbox_title' >FALE CONOSCO AGORA<\/span><span class='avia_button_background avia-button avia-button-fullwidth avia-color-theme-color-highlight'><\/span><\/a><\/div>\n","protected":false},"excerpt":{"rendered":"<p>Na era digital, a defesa dos direitos do consumidor em compras online se tornou uma \u00e1rea de atua\u00e7\u00e3o crucial. Sua capacidade de entender as nuances das transa\u00e7\u00f5es digitais, combinada com sua habilidade de se comunicar de maneira clara e eficaz, nos permite orientar os consumidores sobre seus direitos e as melhores formas de proteg\u00ea-los. Nosso [&hellip;]<\/p>\n","protected":false},"author":1,"featured_media":0,"parent":0,"menu_order":0,"comment_status":"closed","ping_status":"closed","template":"","meta":{"footnotes":""},"class_list":["post-261","page","type-page","status-publish","hentry"],"_links":{"self":[{"href":"https:\/\/tocchini.com.br\/index.php\/wp-json\/wp\/v2\/pages\/261","targetHints":{"allow":["GET"]}}],"collection":[{"href":"https:\/\/tocchini.com.br\/index.php\/wp-json\/wp\/v2\/pages"}],"about":[{"href":"https:\/\/tocchini.com.br\/index.php\/wp-json\/wp\/v2\/types\/page"}],"author":[{"embeddable":true,"href":"https:\/\/tocchini.com.br\/index.php\/wp-json\/wp\/v2\/users\/1"}],"replies":[{"embeddable":true,"href":"https:\/\/tocchini.com.br\/index.php\/wp-json\/wp\/v2\/comments?post=261"}],"version-history":[{"count":3,"href":"https:\/\/tocchini.com.br\/index.php\/wp-json\/wp\/v2\/pages\/261\/revisions"}],"predecessor-version":[{"id":266,"href":"https:\/\/tocchini.com.br\/index.php\/wp-json\/wp\/v2\/pages\/261\/revisions\/266"}],"wp:attachment":[{"href":"https:\/\/tocchini.com.br\/index.php\/wp-json\/wp\/v2\/media?parent=261"}],"curies":[{"name":"wp","href":"https:\/\/api.w.org\/{rel}","templated":true}]}}