{"id":242,"date":"2024-06-13T10:34:44","date_gmt":"2024-06-13T13:34:44","guid":{"rendered":"https:\/\/tocchini.com.br\/?page_id=242"},"modified":"2024-06-13T10:34:44","modified_gmt":"2024-06-13T13:34:44","slug":"familia","status":"publish","type":"page","link":"https:\/\/tocchini.com.br\/index.php\/familia\/","title":{"rendered":"FAM\u00cdLIA"},"content":{"rendered":"<p><img loading=\"lazy\" decoding=\"async\" class=\"aligncenter size-full wp-image-243\" src=\"https:\/\/tocchini.com.br\/wp-content\/uploads\/2024\/06\/familia-tocchini-advogados.jpg\" alt=\"\" width=\"1500\" height=\"450\" srcset=\"https:\/\/tocchini.com.br\/wp-content\/uploads\/2024\/06\/familia-tocchini-advogados.jpg 1500w, https:\/\/tocchini.com.br\/wp-content\/uploads\/2024\/06\/familia-tocchini-advogados-300x90.jpg 300w, https:\/\/tocchini.com.br\/wp-content\/uploads\/2024\/06\/familia-tocchini-advogados-1030x309.jpg 1030w, https:\/\/tocchini.com.br\/wp-content\/uploads\/2024\/06\/familia-tocchini-advogados-768x230.jpg 768w, https:\/\/tocchini.com.br\/wp-content\/uploads\/2024\/06\/familia-tocchini-advogados-705x212.jpg 705w\" sizes=\"auto, (max-width: 1500px) 100vw, 1500px\" \/><\/p>\n<hr \/>\n<div align=\"justify\">Com uma vasta experi\u00eancia de mais de 16 anos no campo jur\u00eddico, nossa expertise em comunica\u00e7\u00e3o, capacidade de estabelecer conex\u00f5es e vis\u00e3o estrat\u00e9gica s\u00e3o cruciais para a atua\u00e7\u00e3o do nosso escrit\u00f3rio em Direito de Fam\u00edlia. Essa \u00e1rea do direito demanda n\u00e3o apenas um profundo conhecimento t\u00e9cnico, mas tamb\u00e9m uma grande dose de sensibilidade e empatia, dadas as quest\u00f5es pessoais e muitas vezes emocionais envolvidas.<\/p>\n<p><strong>Div\u00f3rcio, Pens\u00e3o Aliment\u00edcia, Guarda de Filhos, etc.:<\/strong> Nossa abordagem nessas quest\u00f5es \u00e9 profundamente influenciada pela habilidade em comunicar-se de maneira clara e emp\u00e1tica, facilitando o di\u00e1logo entre as partes envolvidas. Entendemos que processos como div\u00f3rcio, defini\u00e7\u00e3o de pens\u00e3o aliment\u00edcia e guarda dos filhos s\u00e3o momentos delicados na vida dos clientes. Nossa experi\u00eancia nos permite oferecer solu\u00e7\u00f5es jur\u00eddicas que n\u00e3o apenas atendam \u00e0s necessidades legais dos nossos clientes, mas tamb\u00e9m considerem o bem-estar emocional e psicol\u00f3gico de todas as partes, especialmente das crian\u00e7as. Buscamos solu\u00e7\u00f5es amig\u00e1veis sempre que poss\u00edvel, priorizando acordos que preservem os la\u00e7os familiares e minimizem o desgaste emocional.<\/p>\n<p><strong>A\u00e7\u00f5es de Reconhecimento de Paternidade, Anula\u00e7\u00e3o de Casamento, etc.:<\/strong> Nestas \u00e1reas, a vis\u00e3o estrat\u00e9gica e o conhecimento multidisciplinar s\u00e3o fundamentais. A\u00e7\u00f5es de reconhecimento de paternidade e anula\u00e7\u00e3o de casamento, entre outras, requerem uma atua\u00e7\u00e3o jur\u00eddica precisa e sens\u00edvel. Nosso escrit\u00f3rio se destaca por tratar cada caso com a individualidade que merece, guiando nossos clientes atrav\u00e9s dos processos legais com dignidade e respeito. Utilizamos nossa experi\u00eancia para assegurar que os direitos de nossos clientes sejam integralmente reconhecidos e respeitados, atuando de forma assertiva tanto em negocia\u00e7\u00f5es quanto em lit\u00edgios.<\/p>\n<p><strong>Assessoria Jur\u00eddica em Quest\u00f5es de Fam\u00edlia:<\/strong> Nossa assessoria jur\u00eddica em quest\u00f5es de fam\u00edlia abrange uma ampla gama de servi\u00e7os, refletindo a capacidade de compreender profundamente as necessidades e os desejos dos clientes. Seja na elabora\u00e7\u00e3o de acordos pr\u00e9-nupciais, na media\u00e7\u00e3o de conflitos familiares, ou no acompanhamento de processos de ado\u00e7\u00e3o, nossa equipe oferece um suporte legal completo. Nossa habilidade em criar conex\u00f5es facilita a comunica\u00e7\u00e3o e o entendimento entre as partes, enquanto a vis\u00e3o estrat\u00e9gica garante que todas as a\u00e7\u00f5es jur\u00eddicas estejam alinhadas com os melhores interesses dos clientes.<\/div>\n<hr \/>\n<div  class='avia-button-wrap avia-button-center  avia-builder-el-0  avia-builder-el-no-sibling '>\n<style type=\"text\/css\" data-created_by=\"avia_inline_auto\" id=\"style-css-av-b74in-fa94bb896f9dd3adc43cf3648c5f786a\">\n#top #wrap_all .avia-button.av-b74in-fa94bb896f9dd3adc43cf3648c5f786a:hover{\ncolor:white;\ntransition:all 0.4s ease-in-out;\n}\n<\/style>\n<a href='https:\/\/tocchini.com.br\/index.php\/consulta-online\/' class='avia-color-theme-color avia-font-color-theme-color avia-button avia-button-fullwidth av-b74in-fa94bb896f9dd3adc43cf3648c5f786a avia-icon_select-yes-left-icon avia-color-theme-color'  target=\"_blank\"  rel=\"noopener noreferrer\" ><span class='avia_button_icon avia_button_icon_left' aria-hidden='true' data-av_icon='\ue832' data-av_iconfont='entypo-fontello'><\/span><span class='avia_iconbox_title' >FALE CONOSCO AGORA<\/span><span class='avia_button_background avia-button avia-button-fullwidth avia-color-theme-color-highlight'><\/span><\/a><\/div>\n","protected":false},"excerpt":{"rendered":"<p>Com uma vasta experi\u00eancia de mais de 16 anos no campo jur\u00eddico, nossa expertise em comunica\u00e7\u00e3o, capacidade de estabelecer conex\u00f5es e vis\u00e3o estrat\u00e9gica s\u00e3o cruciais para a atua\u00e7\u00e3o do nosso escrit\u00f3rio em Direito de Fam\u00edlia. Essa \u00e1rea do direito demanda n\u00e3o apenas um profundo conhecimento t\u00e9cnico, mas tamb\u00e9m uma grande dose de sensibilidade e empatia, [&hellip;]<\/p>\n","protected":false},"author":1,"featured_media":0,"parent":0,"menu_order":0,"comment_status":"closed","ping_status":"closed","template":"","meta":{"footnotes":""},"class_list":["post-242","page","type-page","status-publish","hentry"],"_links":{"self":[{"href":"https:\/\/tocchini.com.br\/index.php\/wp-json\/wp\/v2\/pages\/242","targetHints":{"allow":["GET"]}}],"collection":[{"href":"https:\/\/tocchini.com.br\/index.php\/wp-json\/wp\/v2\/pages"}],"about":[{"href":"https:\/\/tocchini.com.br\/index.php\/wp-json\/wp\/v2\/types\/page"}],"author":[{"embeddable":true,"href":"https:\/\/tocchini.com.br\/index.php\/wp-json\/wp\/v2\/users\/1"}],"replies":[{"embeddable":true,"href":"https:\/\/tocchini.com.br\/index.php\/wp-json\/wp\/v2\/comments?post=242"}],"version-history":[{"count":1,"href":"https:\/\/tocchini.com.br\/index.php\/wp-json\/wp\/v2\/pages\/242\/revisions"}],"predecessor-version":[{"id":244,"href":"https:\/\/tocchini.com.br\/index.php\/wp-json\/wp\/v2\/pages\/242\/revisions\/244"}],"wp:attachment":[{"href":"https:\/\/tocchini.com.br\/index.php\/wp-json\/wp\/v2\/media?parent=242"}],"curies":[{"name":"wp","href":"https:\/\/api.w.org\/{rel}","templated":true}]}}