{"id":231,"date":"2024-06-13T10:16:02","date_gmt":"2024-06-13T13:16:02","guid":{"rendered":"https:\/\/tocchini.com.br\/?page_id=231"},"modified":"2025-02-07T13:44:09","modified_gmt":"2025-02-07T16:44:09","slug":"responsabilidade-civil","status":"publish","type":"page","link":"https:\/\/tocchini.com.br\/index.php\/responsabilidade-civil\/","title":{"rendered":"RESPONSABILIDADE CIVIL"},"content":{"rendered":"<p style=\"text-align: center;\"><img loading=\"lazy\" decoding=\"async\" class=\"aligncenter size-full wp-image-232\" src=\"https:\/\/tocchini.com.br\/wp-content\/uploads\/2024\/06\/responsabilidade-civil-tocchini-advogados.jpg\" alt=\"\" width=\"1500\" height=\"450\" srcset=\"https:\/\/tocchini.com.br\/wp-content\/uploads\/2024\/06\/responsabilidade-civil-tocchini-advogados.jpg 1500w, https:\/\/tocchini.com.br\/wp-content\/uploads\/2024\/06\/responsabilidade-civil-tocchini-advogados-300x90.jpg 300w, https:\/\/tocchini.com.br\/wp-content\/uploads\/2024\/06\/responsabilidade-civil-tocchini-advogados-1030x309.jpg 1030w, https:\/\/tocchini.com.br\/wp-content\/uploads\/2024\/06\/responsabilidade-civil-tocchini-advogados-768x230.jpg 768w, https:\/\/tocchini.com.br\/wp-content\/uploads\/2024\/06\/responsabilidade-civil-tocchini-advogados-705x212.jpg 705w\" sizes=\"auto, (max-width: 1500px) 100vw, 1500px\" \/><\/p>\n<hr \/>\n<div align=\"justify\">\n<p><strong>Repara\u00e7\u00e3o de Danos Materiais e Morais:<\/strong> A experi\u00eancia adquirida ao longo dos anos nos permite abordar casos de repara\u00e7\u00e3o de danos materiais e morais com uma compreens\u00e3o profunda das nuances legais e das implica\u00e7\u00f5es pessoais envolvidas. Nossa habilidade em se comunicar de maneira eficaz e transmitir confian\u00e7a \u00e9 essencial para orientar nossos clientes atrav\u00e9s do processo legal, muitas vezes complexo e emocionalmente desafiador. Nosso escrit\u00f3rio se empenha em assegurar que os direitos dos clientes sejam integralmente defendidos, buscando a compensa\u00e7\u00e3o justa pelos preju\u00edzos sofridos, sempre com a empatia e o profissionalismo que a situa\u00e7\u00e3o exige.<\/p>\n<p><strong>Indenizat\u00f3rias:<\/strong> <span style=\"font-weight: 400;\">A atua\u00e7\u00e3o em casos de indeniza\u00e7\u00f5es \u00e9 embasada na vasta experi\u00eancia e no conhecimento interdisciplinar de nossos profissionais trazem para o escrit\u00f3rio. Entendemos as complexidades das diversas situa\u00e7\u00f5es f\u00e1ticas e a forma como s\u00e3o acolhidas e compreendidas pelo Poder Jurisdicional, assim oferecemos uma assessoria jur\u00eddica abrangente, que vai desde a an\u00e1lise cuidadosa das circunst\u00e2ncias at\u00e9 a representa\u00e7\u00e3o assertiva em negocia\u00e7\u00f5es ou em ju\u00edzo. Nossa atua\u00e7\u00e3o estrat\u00e9gica permite identificar as melhores estrat\u00e9gias para alcan\u00e7ar indeniza\u00e7\u00f5es justas, refletindo n\u00e3o apenas a perda material, mas tamb\u00e9m o impacto emocional sobre nossos clientes.<\/span><\/p>\n<p><strong>A\u00e7\u00f5es de Responsabilidade Civil em Geral: <\/strong><span style=\"font-weight: 400;\">Em a\u00e7\u00f5es de responsabilidade civil, seja por danos em rela\u00e7\u00f5es de consumo, acidentes pessoais, ou preju\u00edzos decorrentes de atos il\u00edcitos, a pr\u00e1tica e a habilidade que possu\u00edmos, fruto de mais de 18 anos de experi\u00eancia, nos capacitam a lidar com uma variedade de casos com efici\u00eancia e precis\u00e3o jur\u00eddica. Nossa abordagem \u00e9 ampla, considerando todos os aspectos do caso para formular uma estrat\u00e9gia legal s\u00f3lida que maximize as chances de sucesso. Nossa capacidade de criar conex\u00f5es genu\u00ednas com nossos clientes permite que entendamos profundamente suas necessidades e expectativas, transformando esse entendimento em a\u00e7\u00f5es jur\u00eddicas assertivas.<\/span><\/p>\n<\/div>\n<hr \/>\n<div  class='avia-button-wrap avia-button-center  avia-builder-el-0  avia-builder-el-no-sibling '>\n<style type=\"text\/css\" data-created_by=\"avia_inline_auto\" id=\"style-css-av-b74in-fa94bb896f9dd3adc43cf3648c5f786a\">\n#top #wrap_all .avia-button.av-b74in-fa94bb896f9dd3adc43cf3648c5f786a:hover{\ncolor:white;\ntransition:all 0.4s ease-in-out;\n}\n<\/style>\n<a href='https:\/\/tocchini.com.br\/index.php\/consulta-online\/' class='avia-color-theme-color avia-font-color-theme-color avia-button avia-button-fullwidth av-b74in-fa94bb896f9dd3adc43cf3648c5f786a avia-icon_select-yes-left-icon avia-color-theme-color'  target=\"_blank\"  rel=\"noopener noreferrer\" ><span class='avia_button_icon avia_button_icon_left' aria-hidden='true' data-av_icon='\ue832' data-av_iconfont='entypo-fontello'><\/span><span class='avia_iconbox_title' >FALE CONOSCO AGORA<\/span><span class='avia_button_background avia-button avia-button-fullwidth avia-color-theme-color-highlight'><\/span><\/a><\/div>\n","protected":false},"excerpt":{"rendered":"<p>Repara\u00e7\u00e3o de Danos Materiais e Morais: A experi\u00eancia adquirida ao longo dos anos nos permite abordar casos de repara\u00e7\u00e3o de danos materiais e morais com uma compreens\u00e3o profunda das nuances legais e das implica\u00e7\u00f5es pessoais envolvidas. Nossa habilidade em se comunicar de maneira eficaz e transmitir confian\u00e7a \u00e9 essencial para orientar nossos clientes atrav\u00e9s do [&hellip;]<\/p>\n","protected":false},"author":1,"featured_media":0,"parent":0,"menu_order":0,"comment_status":"closed","ping_status":"closed","template":"","meta":{"footnotes":""},"class_list":["post-231","page","type-page","status-publish","hentry"],"_links":{"self":[{"href":"https:\/\/tocchini.com.br\/index.php\/wp-json\/wp\/v2\/pages\/231","targetHints":{"allow":["GET"]}}],"collection":[{"href":"https:\/\/tocchini.com.br\/index.php\/wp-json\/wp\/v2\/pages"}],"about":[{"href":"https:\/\/tocchini.com.br\/index.php\/wp-json\/wp\/v2\/types\/page"}],"author":[{"embeddable":true,"href":"https:\/\/tocchini.com.br\/index.php\/wp-json\/wp\/v2\/users\/1"}],"replies":[{"embeddable":true,"href":"https:\/\/tocchini.com.br\/index.php\/wp-json\/wp\/v2\/comments?post=231"}],"version-history":[{"count":2,"href":"https:\/\/tocchini.com.br\/index.php\/wp-json\/wp\/v2\/pages\/231\/revisions"}],"predecessor-version":[{"id":983,"href":"https:\/\/tocchini.com.br\/index.php\/wp-json\/wp\/v2\/pages\/231\/revisions\/983"}],"wp:attachment":[{"href":"https:\/\/tocchini.com.br\/index.php\/wp-json\/wp\/v2\/media?parent=231"}],"curies":[{"name":"wp","href":"https:\/\/api.w.org\/{rel}","templated":true}]}}