{"id":223,"date":"2024-06-13T09:33:28","date_gmt":"2024-06-13T12:33:28","guid":{"rendered":"https:\/\/tocchini.com.br\/?page_id=223"},"modified":"2025-02-07T13:43:13","modified_gmt":"2025-02-07T16:43:13","slug":"direito-contratual","status":"publish","type":"page","link":"https:\/\/tocchini.com.br\/index.php\/direito-contratual\/","title":{"rendered":"DIREITO CONTRATUAL"},"content":{"rendered":"<div align=\"justify\">\n<p><img loading=\"lazy\" decoding=\"async\" class=\"aligncenter size-full wp-image-225\" src=\"https:\/\/tocchini.com.br\/wp-content\/uploads\/2024\/06\/direito-contratual.jpg\" alt=\"\" width=\"1500\" height=\"450\" srcset=\"https:\/\/tocchini.com.br\/wp-content\/uploads\/2024\/06\/direito-contratual.jpg 1500w, https:\/\/tocchini.com.br\/wp-content\/uploads\/2024\/06\/direito-contratual-300x90.jpg 300w, https:\/\/tocchini.com.br\/wp-content\/uploads\/2024\/06\/direito-contratual-1030x309.jpg 1030w, https:\/\/tocchini.com.br\/wp-content\/uploads\/2024\/06\/direito-contratual-768x230.jpg 768w, https:\/\/tocchini.com.br\/wp-content\/uploads\/2024\/06\/direito-contratual-705x212.jpg 705w\" sizes=\"auto, (max-width: 1500px) 100vw, 1500px\" \/><\/p>\n<hr \/>\n<p><strong>Elabora\u00e7\u00e3o e An\u00e1lise de Contratos:<\/strong> Nosso escrit\u00f3rio possui uma expertise consolidada na elabora\u00e7\u00e3o e an\u00e1lise de contratos de diversas naturezas, incluindo compra e venda, loca\u00e7\u00e3o, presta\u00e7\u00e3o de servi\u00e7os, e muito mais. Com um profundo conhecimento adquirido ao longo de mais de 18 anos de pr\u00e1tica, n\u00f3s nos dedicamos a garantir que todos os contratos reflitam os interesses e as necessidades dos nossos clientes, minimizando riscos e protegendo seus direitos de forma eficaz. Nossa abordagem \u00e9 meticulosa e personalizada, assegurando que cada cl\u00e1usula seja clara, justa e alinhada com as melhores pr\u00e1ticas jur\u00eddicas.<\/p>\n<p><strong>Negocia\u00e7\u00e3o de Contratos e Acordos:<\/strong> <span style=\"font-weight: 400;\">Contamos com profissionais com habilidade em comunica\u00e7\u00e3o e capacidade de criar conex\u00f5es s\u00e3o fundamentais durante o processo de negocia\u00e7\u00e3o de contratos e acordos. Essas compet\u00eancias nos permitem representar nossos clientes com assertividade e confian\u00e7a, alcan\u00e7ando resultados que atendam ou superem suas expectativas. Nosso hist\u00f3rico de sucesso em negocia\u00e7\u00f5es \u00e9 um testemunho da nossa habilidade em compreender as necessidades de todas as partes envolvidas e encontrar solu\u00e7\u00f5es criativas e satisfat\u00f3rias, mesmo em situa\u00e7\u00f5es complexas.<\/span><\/p>\n<p><strong>Assessoria Jur\u00eddica em Quest\u00f5es Contratuais:<\/strong> Nossa vis\u00e3o estrat\u00e9gica do processo e o conhecimento abrangente em m\u00faltiplas \u00e1reas do direito nos permitem oferecer uma assessoria jur\u00eddica integral em quest\u00f5es contratuais. Esta abordagem garante aos nossos clientes uma orienta\u00e7\u00e3o segura e atualizada, ajudando-os a navegar por aspectos legais complexos com facilidade. Seja na fase pr\u00e9-contratual, durante a execu\u00e7\u00e3o do contrato, ou em situa\u00e7\u00f5es de lit\u00edgio, nossa equipe est\u00e1 preparada para fornecer solu\u00e7\u00f5es jur\u00eddicas eficazes e adaptadas \u00e0s necessidades espec\u00edficas de cada cliente.<\/p>\n<p>Nossa atua\u00e7\u00e3o na \u00e1rea contratual \u00e9 marcada pela combina\u00e7\u00e3o de experi\u00eancia, habilidade em comunica\u00e7\u00e3o e uma s\u00f3lida base jur\u00eddica. Esses atributos nos permitem n\u00e3o apenas atender, mas superar as expectativas dos nossos clientes, refor\u00e7ando nosso compromisso com a excel\u00eancia e a confian\u00e7a em todas as esferas de nossa pr\u00e1tica jur\u00eddica.<\/p>\n<hr \/>\n<div  class='avia-button-wrap avia-button-center  avia-builder-el-0  avia-builder-el-no-sibling '>\n<style type=\"text\/css\" data-created_by=\"avia_inline_auto\" id=\"style-css-av-b74in-fa94bb896f9dd3adc43cf3648c5f786a\">\n#top #wrap_all .avia-button.av-b74in-fa94bb896f9dd3adc43cf3648c5f786a:hover{\ncolor:white;\ntransition:all 0.4s ease-in-out;\n}\n<\/style>\n<a href='https:\/\/tocchini.com.br\/index.php\/consulta-online\/' class='avia-color-theme-color avia-font-color-theme-color avia-button avia-button-fullwidth av-b74in-fa94bb896f9dd3adc43cf3648c5f786a avia-icon_select-yes-left-icon avia-color-theme-color'  target=\"_blank\"  rel=\"noopener noreferrer\" ><span class='avia_button_icon avia_button_icon_left' aria-hidden='true' data-av_icon='\ue832' data-av_iconfont='entypo-fontello'><\/span><span class='avia_iconbox_title' >FALE CONOSCO AGORA<\/span><span class='avia_button_background avia-button avia-button-fullwidth avia-color-theme-color-highlight'><\/span><\/a><\/div>\n<\/div>\n","protected":false},"excerpt":{"rendered":"<p>Elabora\u00e7\u00e3o e An\u00e1lise de Contratos: Nosso escrit\u00f3rio possui uma expertise consolidada na elabora\u00e7\u00e3o e an\u00e1lise de contratos de diversas naturezas, incluindo compra e venda, loca\u00e7\u00e3o, presta\u00e7\u00e3o de servi\u00e7os, e muito mais. Com um profundo conhecimento adquirido ao longo de mais de 18 anos de pr\u00e1tica, n\u00f3s nos dedicamos a garantir que todos os contratos reflitam [&hellip;]<\/p>\n","protected":false},"author":1,"featured_media":0,"parent":0,"menu_order":0,"comment_status":"closed","ping_status":"closed","template":"","meta":{"footnotes":""},"class_list":["post-223","page","type-page","status-publish","hentry"],"_links":{"self":[{"href":"https:\/\/tocchini.com.br\/index.php\/wp-json\/wp\/v2\/pages\/223","targetHints":{"allow":["GET"]}}],"collection":[{"href":"https:\/\/tocchini.com.br\/index.php\/wp-json\/wp\/v2\/pages"}],"about":[{"href":"https:\/\/tocchini.com.br\/index.php\/wp-json\/wp\/v2\/types\/page"}],"author":[{"embeddable":true,"href":"https:\/\/tocchini.com.br\/index.php\/wp-json\/wp\/v2\/users\/1"}],"replies":[{"embeddable":true,"href":"https:\/\/tocchini.com.br\/index.php\/wp-json\/wp\/v2\/comments?post=223"}],"version-history":[{"count":4,"href":"https:\/\/tocchini.com.br\/index.php\/wp-json\/wp\/v2\/pages\/223\/revisions"}],"predecessor-version":[{"id":982,"href":"https:\/\/tocchini.com.br\/index.php\/wp-json\/wp\/v2\/pages\/223\/revisions\/982"}],"wp:attachment":[{"href":"https:\/\/tocchini.com.br\/index.php\/wp-json\/wp\/v2\/media?parent=223"}],"curies":[{"name":"wp","href":"https:\/\/api.w.org\/{rel}","templated":true}]}}