{"id":109,"date":"2024-04-29T18:50:02","date_gmt":"2024-04-29T21:50:02","guid":{"rendered":"https:\/\/tocchini.com.br\/?page_id=109"},"modified":"2024-06-07T11:44:19","modified_gmt":"2024-06-07T14:44:19","slug":"consulta-online","status":"publish","type":"page","link":"https:\/\/tocchini.com.br\/index.php\/consulta-online\/","title":{"rendered":"CONSULTA ONLINE"},"content":{"rendered":"<div  class='flex_column av-je5kl-b91479471a77c50157b6e1faa9bfcb23 av_one_fourth  avia-builder-el-0  el_before_av_one_half  avia-builder-el-first  first flex_column_div  '     ><\/div>\n<div  class='flex_column av-fqq39-f4cb2f2e0011d32bd31d7127c9be78bf av_one_half  avia-builder-el-1  el_after_av_one_fourth  el_before_av_one_fourth  flex_column_div  '     ><section  class='av_textblock_section av-lvlhpnyv-04d91286fbf9763d68478d6d0bccf038 '   itemscope=\"itemscope\" itemtype=\"https:\/\/schema.org\/CreativeWork\" ><div class='avia_textblock'  itemprop=\"text\" ><p style=\"text-align: center;\">Entre em contato conosco para Consulta online. Preencha corretamente os dados abaixo que entraremos em contato o mais breve poss\u00edvel!<\/p>\n<\/div><\/section><br \/>\n<form action=\"https:\/\/tocchini.com.br\/index.php\/consulta-online\/\" method=\"post\" data-fields-with-error=\"Found errors in the following field(s):\" class=\"avia_ajax_form av-form-labels-visible   avia-builder-el-3  el_after_av_textblock  avia-builder-el-last  av-show-form-errors   \" data-avia-form-id=\"1\" data-avia-redirect='' ><h3 class=''>Nos envie um email<\/h3><fieldset><p class='  first_form  form_element form_fullwidth' id='element_avia_1_1'><label for=\"avia_1_1\">NOME COMPLETO <abbr class=\"required\" title=\"required\">*<\/abbr><\/label> <input name=\"avia_1_1\" class=\"text_input is_empty\" type=\"text\" id=\"avia_1_1\" value=\"\" \/><\/p><p class='  first_form  form_element form_fullwidth' id='element_avia_2_1'><label for=\"avia_2_1\">E-MAIL <abbr class=\"required\" title=\"required\">*<\/abbr><\/label> <input name=\"avia_2_1\" class=\"text_input is_email\" type=\"text\" id=\"avia_2_1\" value=\"\" \/><\/p><p class='  first_form  form_element form_fullwidth' id='element_avia_3_1'><label for=\"avia_3_1\">CELULAR COM DDD <abbr class=\"required\" title=\"required\">*<\/abbr><\/label> <input name=\"avia_3_1\" class=\"text_input is_phone\" type=\"text\" id=\"avia_3_1\" value=\"\" \/><\/p><p class='  first_form  form_element form_fullwidth' id='element_avia_4_1'><label for=\"avia_4_1\" class=\"textare_label hidden textare_label_avia_4_1\">DESCREVA SEU CASO BREVEMENTE <abbr class=\"required\" title=\"required\">*<\/abbr><\/label><textarea  name=\"avia_4_1\" class=\"text_area is_empty\" cols=\"40\" rows=\"7\" id=\"avia_4_1\" ><\/textarea><\/p><p class='  first_form  form_element form_element_half' id='element_avia_5_1'><label for=\"avia_5_1\">PREFER\u00caNCIA <abbr class=\"required\" title=\"required\">*<\/abbr><\/label><select  name=\"avia_5_1\" class=\"select is_empty\" id=\"avia_5_1\"><option   value='EMAIL'>EMAIL<\/option><option   value='WHATSAPP'>WHATSAPP<\/option><option   value='LIGA\u00c7\u00c3O'>LIGA\u00c7\u00c3O<\/option><\/select><\/p><p class='  form_element form_element_half av-last-visible-form-element' id='element_avia_6_1'><label for=\"avia_6_1\">INTERESSE NO CONTATO <abbr class=\"required\" title=\"required\">*<\/abbr><\/label><select  name=\"avia_6_1\" class=\"select is_empty\" id=\"avia_6_1\"><option   value='ESCLARECIMENTO'>ESCLARECIMENTO<\/option><option   value='CONSULTA'>CONSULTA<\/option><option   value='OR\u00c7AMENTO'>OR\u00c7AMENTO<\/option><\/select><\/p><p class=\"hidden\"><input type=\"text\" name=\"avia_7_1\" class=\"hidden \" id=\"avia_7_1\" value=\"\" \/><\/p><p class=\"form_element \"><input type=\"hidden\" value=\"1\" name=\"avia_generated_form1\" \/><input type=\"submit\" value=\"ENVIAR\" class=\"button\"  data-sending-label=\"Sending\"\/><\/p><\/fieldset><\/form><div id=\"ajaxresponse_1\" class=\"ajaxresponse ajaxresponse_1 hidden\"><\/div><\/p><\/div><div  class='flex_column av-a1fnp-8a4421cf63400abfa822133eedac69c0 av_one_fourth  avia-builder-el-4  el_after_av_one_half  avia-builder-el-last  flex_column_div  '     ><\/div><\/p>\n","protected":false},"excerpt":{"rendered":"","protected":false},"author":1,"featured_media":0,"parent":0,"menu_order":0,"comment_status":"closed","ping_status":"closed","template":"","meta":{"footnotes":""},"class_list":["post-109","page","type-page","status-publish","hentry"],"_links":{"self":[{"href":"https:\/\/tocchini.com.br\/index.php\/wp-json\/wp\/v2\/pages\/109","targetHints":{"allow":["GET"]}}],"collection":[{"href":"https:\/\/tocchini.com.br\/index.php\/wp-json\/wp\/v2\/pages"}],"about":[{"href":"https:\/\/tocchini.com.br\/index.php\/wp-json\/wp\/v2\/types\/page"}],"author":[{"embeddable":true,"href":"https:\/\/tocchini.com.br\/index.php\/wp-json\/wp\/v2\/users\/1"}],"replies":[{"embeddable":true,"href":"https:\/\/tocchini.com.br\/index.php\/wp-json\/wp\/v2\/comments?post=109"}],"version-history":[{"count":6,"href":"https:\/\/tocchini.com.br\/index.php\/wp-json\/wp\/v2\/pages\/109\/revisions"}],"predecessor-version":[{"id":184,"href":"https:\/\/tocchini.com.br\/index.php\/wp-json\/wp\/v2\/pages\/109\/revisions\/184"}],"wp:attachment":[{"href":"https:\/\/tocchini.com.br\/index.php\/wp-json\/wp\/v2\/media?parent=109"}],"curies":[{"name":"wp","href":"https:\/\/api.w.org\/{rel}","templated":true}]}}